{"id":3739,"date":"2024-08-07T08:57:23","date_gmt":"2024-08-07T08:57:23","guid":{"rendered":"https:\/\/www.averyweigh-tronix.com\/fr-ca\/axle-weighers\/"},"modified":"2025-05-20T18:31:01","modified_gmt":"2025-05-20T17:31:01","slug":"axle-weighers","status":"publish","type":"page","link":"https:\/\/www.averyweigh-tronix.com\/fr-ca\/pesee-des-essieux\/","title":{"rendered":"Pes\u00e9e des essieux"},"content":{"rendered":"","protected":false},"excerpt":{"rendered":"","protected":false},"author":4,"featured_media":3740,"parent":2384,"menu_order":0,"comment_status":"closed","ping_status":"closed","template":"","meta":{"_acf_changed":false},"application":[46,40,45],"industry":[4,55,154,139,153],"product":[],"class_list":["post-3739","page","type-page","status-publish","has-post-thumbnail","hentry","application-chargement-de-vehicules","application-pesee-en-vrac","application-surcharge-de-vehicule","industry-balances-pour-lindustrie-de-la-construction","industry-balances-pour-lindustrie-manufacturiere","industry-lindustrie-des-postes","industry-lindustrie-miniere2","industry-le-fret-maritime"],"acf":[],"yoast_head":"<!-- This site is optimized with the Yoast SEO plugin v25.5 - https:\/\/yoast.com\/wordpress\/plugins\/seo\/ -->\n<title>Pes\u00e9e des essieux - Avery Weigh-Tronix - Canada (FR)<\/title>\n<meta name=\"description\" content=\"La pes\u00e9e des essieux est le processus de mesure du poids support\u00e9 par chaque essieu d&#039;un v\u00e9hicule afin de garantir le respect des limites l\u00e9gales de poids sur la route et d&#039;optimiser la r\u00e9partition de la charge sur le v\u00e9hicule.\" \/>\n<meta name=\"robots\" content=\"index, follow, max-snippet:-1, max-image-preview:large, max-video-preview:-1\" \/>\n<link rel=\"canonical\" href=\"https:\/\/www.averyweigh-tronix.com\/fr-ca\/pesee-des-essieux\/\" \/>\n<meta property=\"og:locale\" content=\"en_US\" \/>\n<meta property=\"og:type\" content=\"article\" \/>\n<meta property=\"og:title\" content=\"Pes\u00e9e des essieux - Avery Weigh-Tronix - Canada (FR)\" \/>\n<meta property=\"og:description\" content=\"La pes\u00e9e des essieux est le processus de mesure du poids support\u00e9 par chaque essieu d&#039;un v\u00e9hicule afin de garantir le respect des limites l\u00e9gales de poids sur la route et d&#039;optimiser la r\u00e9partition de la charge sur le v\u00e9hicule.\" \/>\n<meta property=\"og:url\" content=\"https:\/\/www.averyweigh-tronix.com\/fr-ca\/pesee-des-essieux\/\" \/>\n<meta property=\"og:site_name\" content=\"Avery Weigh-Tronix - Canada (FR)\" \/>\n<meta property=\"article:modified_time\" content=\"2025-05-20T17:31:01+00:00\" \/>\n<meta property=\"og:image\" content=\"https:\/\/www.averyweigh-tronix.com\/fr-ca\/wp-content\/uploads\/sites\/10\/2025\/02\/axle-weighing-thumb.jpg\" \/>\n\t<meta property=\"og:image:width\" content=\"687\" \/>\n\t<meta property=\"og:image:height\" content=\"687\" \/>\n\t<meta property=\"og:image:type\" content=\"image\/jpeg\" \/>\n<meta name=\"twitter:card\" content=\"summary_large_image\" \/>\n<meta name=\"twitter:label1\" content=\"Est. reading time\" \/>\n\t<meta name=\"twitter:data1\" content=\"5 minutes\" \/>\n<script type=\"application\/ld+json\" class=\"yoast-schema-graph\">{\"@context\":\"https:\/\/schema.org\",\"@graph\":[{\"@type\":\"WebPage\",\"@id\":\"https:\/\/www.averyweigh-tronix.com\/fr-ca\/pesee-des-essieux\/\",\"url\":\"https:\/\/www.averyweigh-tronix.com\/fr-ca\/pesee-des-essieux\/\",\"name\":\"Pes\u00e9e des essieux - Avery Weigh-Tronix - Canada (FR)\",\"isPartOf\":{\"@id\":\"https:\/\/www.averyweigh-tronix.com\/fr-ca\/#website\"},\"primaryImageOfPage\":{\"@id\":\"https:\/\/www.averyweigh-tronix.com\/fr-ca\/pesee-des-essieux\/#primaryimage\"},\"image\":{\"@id\":\"https:\/\/www.averyweigh-tronix.com\/fr-ca\/pesee-des-essieux\/#primaryimage\"},\"thumbnailUrl\":\"https:\/\/www.averyweigh-tronix.com\/fr-ca\/wp-content\/uploads\/sites\/10\/2025\/02\/axle-weighing-thumb.jpg\",\"datePublished\":\"2024-08-07T08:57:23+00:00\",\"dateModified\":\"2025-05-20T17:31:01+00:00\",\"description\":\"La pes\u00e9e des essieux est le processus de mesure du poids support\u00e9 par chaque essieu d'un v\u00e9hicule afin de garantir le respect des limites l\u00e9gales de poids sur la route et d'optimiser la r\u00e9partition de la charge sur le v\u00e9hicule.\",\"breadcrumb\":{\"@id\":\"https:\/\/www.averyweigh-tronix.com\/fr-ca\/pesee-des-essieux\/#breadcrumb\"},\"inLanguage\":\"en-US\",\"potentialAction\":[{\"@type\":\"ReadAction\",\"target\":[\"https:\/\/www.averyweigh-tronix.com\/fr-ca\/pesee-des-essieux\/\"]}]},{\"@type\":\"ImageObject\",\"inLanguage\":\"en-US\",\"@id\":\"https:\/\/www.averyweigh-tronix.com\/fr-ca\/pesee-des-essieux\/#primaryimage\",\"url\":\"https:\/\/www.averyweigh-tronix.com\/fr-ca\/wp-content\/uploads\/sites\/10\/2025\/02\/axle-weighing-thumb.jpg\",\"contentUrl\":\"https:\/\/www.averyweigh-tronix.com\/fr-ca\/wp-content\/uploads\/sites\/10\/2025\/02\/axle-weighing-thumb.jpg\",\"width\":687,\"height\":687},{\"@type\":\"BreadcrumbList\",\"@id\":\"https:\/\/www.averyweigh-tronix.com\/fr-ca\/pesee-des-essieux\/#breadcrumb\",\"itemListElement\":[{\"@type\":\"ListItem\",\"position\":1,\"name\":\"Home\",\"item\":\"https:\/\/www.averyweigh-tronix.com\/fr-ca\/\"},{\"@type\":\"ListItem\",\"position\":2,\"name\":\"Produits\",\"item\":\"https:\/\/www.averyweigh-tronix.com\/fr-ca\/products\/\"},{\"@type\":\"ListItem\",\"position\":3,\"name\":\"Pes\u00e9e des essieux\"}]},{\"@type\":\"WebSite\",\"@id\":\"https:\/\/www.averyweigh-tronix.com\/fr-ca\/#website\",\"url\":\"https:\/\/www.averyweigh-tronix.com\/fr-ca\/\",\"name\":\"Avery Weigh-Tronix - Canada (FR)\",\"description\":\"\",\"potentialAction\":[{\"@type\":\"SearchAction\",\"target\":{\"@type\":\"EntryPoint\",\"urlTemplate\":\"https:\/\/www.averyweigh-tronix.com\/fr-ca\/?s={search_term_string}\"},\"query-input\":{\"@type\":\"PropertyValueSpecification\",\"valueRequired\":true,\"valueName\":\"search_term_string\"}}],\"inLanguage\":\"en-US\"}]}<\/script>\n<!-- \/ Yoast SEO plugin. -->","yoast_head_json":{"title":"Pes\u00e9e des essieux - Avery Weigh-Tronix - Canada (FR)","description":"La pes\u00e9e des essieux est le processus de mesure du poids support\u00e9 par chaque essieu d'un v\u00e9hicule afin de garantir le respect des limites l\u00e9gales de poids sur la route et d'optimiser la r\u00e9partition de la charge sur le v\u00e9hicule.","robots":{"index":"index","follow":"follow","max-snippet":"max-snippet:-1","max-image-preview":"max-image-preview:large","max-video-preview":"max-video-preview:-1"},"canonical":"https:\/\/www.averyweigh-tronix.com\/fr-ca\/pesee-des-essieux\/","og_locale":"en_US","og_type":"article","og_title":"Pes\u00e9e des essieux - Avery Weigh-Tronix - Canada (FR)","og_description":"La pes\u00e9e des essieux est le processus de mesure du poids support\u00e9 par chaque essieu d'un v\u00e9hicule afin de garantir le respect des limites l\u00e9gales de poids sur la route et d'optimiser la r\u00e9partition de la charge sur le v\u00e9hicule.","og_url":"https:\/\/www.averyweigh-tronix.com\/fr-ca\/pesee-des-essieux\/","og_site_name":"Avery Weigh-Tronix - Canada (FR)","article_modified_time":"2025-05-20T17:31:01+00:00","og_image":[{"width":687,"height":687,"url":"https:\/\/www.averyweigh-tronix.com\/fr-ca\/wp-content\/uploads\/sites\/10\/2025\/02\/axle-weighing-thumb.jpg","type":"image\/jpeg"}],"twitter_card":"summary_large_image","twitter_misc":{"Est. reading time":"5 minutes"},"schema":{"@context":"https:\/\/schema.org","@graph":[{"@type":"WebPage","@id":"https:\/\/www.averyweigh-tronix.com\/fr-ca\/pesee-des-essieux\/","url":"https:\/\/www.averyweigh-tronix.com\/fr-ca\/pesee-des-essieux\/","name":"Pes\u00e9e des essieux - Avery Weigh-Tronix - Canada (FR)","isPartOf":{"@id":"https:\/\/www.averyweigh-tronix.com\/fr-ca\/#website"},"primaryImageOfPage":{"@id":"https:\/\/www.averyweigh-tronix.com\/fr-ca\/pesee-des-essieux\/#primaryimage"},"image":{"@id":"https:\/\/www.averyweigh-tronix.com\/fr-ca\/pesee-des-essieux\/#primaryimage"},"thumbnailUrl":"https:\/\/www.averyweigh-tronix.com\/fr-ca\/wp-content\/uploads\/sites\/10\/2025\/02\/axle-weighing-thumb.jpg","datePublished":"2024-08-07T08:57:23+00:00","dateModified":"2025-05-20T17:31:01+00:00","description":"La pes\u00e9e des essieux est le processus de mesure du poids support\u00e9 par chaque essieu d'un v\u00e9hicule afin de garantir le respect des limites l\u00e9gales de poids sur la route et d'optimiser la r\u00e9partition de la charge sur le v\u00e9hicule.","breadcrumb":{"@id":"https:\/\/www.averyweigh-tronix.com\/fr-ca\/pesee-des-essieux\/#breadcrumb"},"inLanguage":"en-US","potentialAction":[{"@type":"ReadAction","target":["https:\/\/www.averyweigh-tronix.com\/fr-ca\/pesee-des-essieux\/"]}]},{"@type":"ImageObject","inLanguage":"en-US","@id":"https:\/\/www.averyweigh-tronix.com\/fr-ca\/pesee-des-essieux\/#primaryimage","url":"https:\/\/www.averyweigh-tronix.com\/fr-ca\/wp-content\/uploads\/sites\/10\/2025\/02\/axle-weighing-thumb.jpg","contentUrl":"https:\/\/www.averyweigh-tronix.com\/fr-ca\/wp-content\/uploads\/sites\/10\/2025\/02\/axle-weighing-thumb.jpg","width":687,"height":687},{"@type":"BreadcrumbList","@id":"https:\/\/www.averyweigh-tronix.com\/fr-ca\/pesee-des-essieux\/#breadcrumb","itemListElement":[{"@type":"ListItem","position":1,"name":"Home","item":"https:\/\/www.averyweigh-tronix.com\/fr-ca\/"},{"@type":"ListItem","position":2,"name":"Produits","item":"https:\/\/www.averyweigh-tronix.com\/fr-ca\/products\/"},{"@type":"ListItem","position":3,"name":"Pes\u00e9e des essieux"}]},{"@type":"WebSite","@id":"https:\/\/www.averyweigh-tronix.com\/fr-ca\/#website","url":"https:\/\/www.averyweigh-tronix.com\/fr-ca\/","name":"Avery Weigh-Tronix - Canada (FR)","description":"","potentialAction":[{"@type":"SearchAction","target":{"@type":"EntryPoint","urlTemplate":"https:\/\/www.averyweigh-tronix.com\/fr-ca\/?s={search_term_string}"},"query-input":{"@type":"PropertyValueSpecification","valueRequired":true,"valueName":"search_term_string"}}],"inLanguage":"en-US"}]}},"_links":{"self":[{"href":"https:\/\/www.averyweigh-tronix.com\/fr-ca\/wp-json\/wp\/v2\/pages\/3739","targetHints":{"allow":["GET"]}}],"collection":[{"href":"https:\/\/www.averyweigh-tronix.com\/fr-ca\/wp-json\/wp\/v2\/pages"}],"about":[{"href":"https:\/\/www.averyweigh-tronix.com\/fr-ca\/wp-json\/wp\/v2\/types\/page"}],"author":[{"embeddable":true,"href":"https:\/\/www.averyweigh-tronix.com\/fr-ca\/wp-json\/wp\/v2\/users\/4"}],"replies":[{"embeddable":true,"href":"https:\/\/www.averyweigh-tronix.com\/fr-ca\/wp-json\/wp\/v2\/comments?post=3739"}],"version-history":[{"count":0,"href":"https:\/\/www.averyweigh-tronix.com\/fr-ca\/wp-json\/wp\/v2\/pages\/3739\/revisions"}],"up":[{"embeddable":true,"href":"https:\/\/www.averyweigh-tronix.com\/fr-ca\/wp-json\/wp\/v2\/pages\/2384"}],"wp:featuredmedia":[{"embeddable":true,"href":"https:\/\/www.averyweigh-tronix.com\/fr-ca\/wp-json\/wp\/v2\/media\/3740"}],"wp:attachment":[{"href":"https:\/\/www.averyweigh-tronix.com\/fr-ca\/wp-json\/wp\/v2\/media?parent=3739"}],"wp:term":[{"taxonomy":"application","embeddable":true,"href":"https:\/\/www.averyweigh-tronix.com\/fr-ca\/wp-json\/wp\/v2\/application?post=3739"},{"taxonomy":"industry","embeddable":true,"href":"https:\/\/www.averyweigh-tronix.com\/fr-ca\/wp-json\/wp\/v2\/industry?post=3739"},{"taxonomy":"product","embeddable":true,"href":"https:\/\/www.averyweigh-tronix.com\/fr-ca\/wp-json\/wp\/v2\/product?post=3739"}],"curies":[{"name":"wp","href":"https:\/\/api.w.org\/{rel}","templated":true}]}}