{"id":2523,"date":"2024-07-16T10:31:33","date_gmt":"2024-07-16T10:31:33","guid":{"rendered":"https:\/\/www.averyweigh-tronix.com\/fr-ca\/batching-filling-recipe\/"},"modified":"2025-03-12T14:59:18","modified_gmt":"2025-03-12T14:59:18","slug":"batching-filling-recipe","status":"publish","type":"page","link":"https:\/\/www.averyweigh-tronix.com\/fr-ca\/remplissage-par-lots-et-controle-des-recettes\/","title":{"rendered":"Remplissage par lots et contr\u00f4le des recettes"},"content":{"rendered":"","protected":false},"excerpt":{"rendered":"","protected":false},"author":1,"featured_media":3624,"parent":0,"menu_order":0,"comment_status":"closed","ping_status":"closed","template":"","meta":{"_acf_changed":false},"application":[],"industry":[],"product":[],"class_list":["post-2523","page","type-page","status-publish","has-post-thumbnail","hentry"],"acf":[],"yoast_head":"<!-- This site is optimized with the Yoast SEO plugin v25.5 - https:\/\/yoast.com\/wordpress\/plugins\/seo\/ -->\n<title>Remplissage par lots et contr\u00f4le des recettes - Avery Weigh-Tronix - Canada (FR)<\/title>\n<meta name=\"description\" content=\"Que vous remplissiez des bouteilles, des r\u00e9servoirs, des silos ou d&#039;autres contenants, nos syst\u00e8mes de pes\u00e9e par lots et de contr\u00f4le des recettes garantissent la qualit\u00e9 du produit et r\u00e9duisent les pertes.\" \/>\n<meta name=\"robots\" content=\"index, follow, max-snippet:-1, max-image-preview:large, max-video-preview:-1\" \/>\n<link rel=\"canonical\" href=\"https:\/\/www.averyweigh-tronix.com\/fr-ca\/remplissage-par-lots-et-controle-des-recettes\/\" \/>\n<meta property=\"og:locale\" content=\"en_US\" \/>\n<meta property=\"og:type\" content=\"article\" \/>\n<meta property=\"og:title\" content=\"Remplissage par lots et contr\u00f4le des recettes - Avery Weigh-Tronix - Canada (FR)\" \/>\n<meta property=\"og:description\" content=\"Que vous remplissiez des bouteilles, des r\u00e9servoirs, des silos ou d&#039;autres contenants, nos syst\u00e8mes de pes\u00e9e par lots et de contr\u00f4le des recettes garantissent la qualit\u00e9 du produit et r\u00e9duisent les pertes.\" \/>\n<meta property=\"og:url\" content=\"https:\/\/www.averyweigh-tronix.com\/fr-ca\/remplissage-par-lots-et-controle-des-recettes\/\" \/>\n<meta property=\"og:site_name\" content=\"Avery Weigh-Tronix - Canada (FR)\" \/>\n<meta property=\"article:modified_time\" content=\"2025-03-12T14:59:18+00:00\" \/>\n<meta property=\"og:image\" content=\"https:\/\/www.averyweigh-tronix.com\/fr-ca\/wp-content\/uploads\/sites\/10\/2025\/01\/thumb-batching-filling-recipe.jpg\" \/>\n\t<meta property=\"og:image:width\" content=\"687\" \/>\n\t<meta property=\"og:image:height\" content=\"687\" \/>\n\t<meta property=\"og:image:type\" content=\"image\/jpeg\" \/>\n<meta name=\"twitter:card\" content=\"summary_large_image\" \/>\n<meta name=\"twitter:label1\" content=\"Est. reading time\" \/>\n\t<meta name=\"twitter:data1\" content=\"4 minutes\" \/>\n<script type=\"application\/ld+json\" class=\"yoast-schema-graph\">{\"@context\":\"https:\/\/schema.org\",\"@graph\":[{\"@type\":\"WebPage\",\"@id\":\"https:\/\/www.averyweigh-tronix.com\/fr-ca\/remplissage-par-lots-et-controle-des-recettes\/\",\"url\":\"https:\/\/www.averyweigh-tronix.com\/fr-ca\/remplissage-par-lots-et-controle-des-recettes\/\",\"name\":\"Remplissage par lots et contr\u00f4le des recettes - Avery Weigh-Tronix - Canada (FR)\",\"isPartOf\":{\"@id\":\"https:\/\/www.averyweigh-tronix.com\/fr-ca\/#website\"},\"primaryImageOfPage\":{\"@id\":\"https:\/\/www.averyweigh-tronix.com\/fr-ca\/remplissage-par-lots-et-controle-des-recettes\/#primaryimage\"},\"image\":{\"@id\":\"https:\/\/www.averyweigh-tronix.com\/fr-ca\/remplissage-par-lots-et-controle-des-recettes\/#primaryimage\"},\"thumbnailUrl\":\"https:\/\/www.averyweigh-tronix.com\/fr-ca\/wp-content\/uploads\/sites\/10\/2025\/01\/thumb-batching-filling-recipe.jpg\",\"datePublished\":\"2024-07-16T10:31:33+00:00\",\"dateModified\":\"2025-03-12T14:59:18+00:00\",\"description\":\"Que vous remplissiez des bouteilles, des r\u00e9servoirs, des silos ou d'autres contenants, nos syst\u00e8mes de pes\u00e9e par lots et de contr\u00f4le des recettes garantissent la qualit\u00e9 du produit et r\u00e9duisent les pertes.\",\"breadcrumb\":{\"@id\":\"https:\/\/www.averyweigh-tronix.com\/fr-ca\/remplissage-par-lots-et-controle-des-recettes\/#breadcrumb\"},\"inLanguage\":\"en-US\",\"potentialAction\":[{\"@type\":\"ReadAction\",\"target\":[\"https:\/\/www.averyweigh-tronix.com\/fr-ca\/remplissage-par-lots-et-controle-des-recettes\/\"]}]},{\"@type\":\"ImageObject\",\"inLanguage\":\"en-US\",\"@id\":\"https:\/\/www.averyweigh-tronix.com\/fr-ca\/remplissage-par-lots-et-controle-des-recettes\/#primaryimage\",\"url\":\"https:\/\/www.averyweigh-tronix.com\/fr-ca\/wp-content\/uploads\/sites\/10\/2025\/01\/thumb-batching-filling-recipe.jpg\",\"contentUrl\":\"https:\/\/www.averyweigh-tronix.com\/fr-ca\/wp-content\/uploads\/sites\/10\/2025\/01\/thumb-batching-filling-recipe.jpg\",\"width\":687,\"height\":687},{\"@type\":\"BreadcrumbList\",\"@id\":\"https:\/\/www.averyweigh-tronix.com\/fr-ca\/remplissage-par-lots-et-controle-des-recettes\/#breadcrumb\",\"itemListElement\":[{\"@type\":\"ListItem\",\"position\":1,\"name\":\"Home\",\"item\":\"https:\/\/www.averyweigh-tronix.com\/fr-ca\/\"},{\"@type\":\"ListItem\",\"position\":2,\"name\":\"Remplissage par lots et contr\u00f4le des recettes\"}]},{\"@type\":\"WebSite\",\"@id\":\"https:\/\/www.averyweigh-tronix.com\/fr-ca\/#website\",\"url\":\"https:\/\/www.averyweigh-tronix.com\/fr-ca\/\",\"name\":\"Avery Weigh-Tronix - Canada (FR)\",\"description\":\"\",\"potentialAction\":[{\"@type\":\"SearchAction\",\"target\":{\"@type\":\"EntryPoint\",\"urlTemplate\":\"https:\/\/www.averyweigh-tronix.com\/fr-ca\/?s={search_term_string}\"},\"query-input\":{\"@type\":\"PropertyValueSpecification\",\"valueRequired\":true,\"valueName\":\"search_term_string\"}}],\"inLanguage\":\"en-US\"}]}<\/script>\n<!-- \/ Yoast SEO plugin. -->","yoast_head_json":{"title":"Remplissage par lots et contr\u00f4le des recettes - Avery Weigh-Tronix - Canada (FR)","description":"Que vous remplissiez des bouteilles, des r\u00e9servoirs, des silos ou d'autres contenants, nos syst\u00e8mes de pes\u00e9e par lots et de contr\u00f4le des recettes garantissent la qualit\u00e9 du produit et r\u00e9duisent les pertes.","robots":{"index":"index","follow":"follow","max-snippet":"max-snippet:-1","max-image-preview":"max-image-preview:large","max-video-preview":"max-video-preview:-1"},"canonical":"https:\/\/www.averyweigh-tronix.com\/fr-ca\/remplissage-par-lots-et-controle-des-recettes\/","og_locale":"en_US","og_type":"article","og_title":"Remplissage par lots et contr\u00f4le des recettes - Avery Weigh-Tronix - Canada (FR)","og_description":"Que vous remplissiez des bouteilles, des r\u00e9servoirs, des silos ou d'autres contenants, nos syst\u00e8mes de pes\u00e9e par lots et de contr\u00f4le des recettes garantissent la qualit\u00e9 du produit et r\u00e9duisent les pertes.","og_url":"https:\/\/www.averyweigh-tronix.com\/fr-ca\/remplissage-par-lots-et-controle-des-recettes\/","og_site_name":"Avery Weigh-Tronix - Canada (FR)","article_modified_time":"2025-03-12T14:59:18+00:00","og_image":[{"width":687,"height":687,"url":"https:\/\/www.averyweigh-tronix.com\/fr-ca\/wp-content\/uploads\/sites\/10\/2025\/01\/thumb-batching-filling-recipe.jpg","type":"image\/jpeg"}],"twitter_card":"summary_large_image","twitter_misc":{"Est. reading time":"4 minutes"},"schema":{"@context":"https:\/\/schema.org","@graph":[{"@type":"WebPage","@id":"https:\/\/www.averyweigh-tronix.com\/fr-ca\/remplissage-par-lots-et-controle-des-recettes\/","url":"https:\/\/www.averyweigh-tronix.com\/fr-ca\/remplissage-par-lots-et-controle-des-recettes\/","name":"Remplissage par lots et contr\u00f4le des recettes - Avery Weigh-Tronix - Canada (FR)","isPartOf":{"@id":"https:\/\/www.averyweigh-tronix.com\/fr-ca\/#website"},"primaryImageOfPage":{"@id":"https:\/\/www.averyweigh-tronix.com\/fr-ca\/remplissage-par-lots-et-controle-des-recettes\/#primaryimage"},"image":{"@id":"https:\/\/www.averyweigh-tronix.com\/fr-ca\/remplissage-par-lots-et-controle-des-recettes\/#primaryimage"},"thumbnailUrl":"https:\/\/www.averyweigh-tronix.com\/fr-ca\/wp-content\/uploads\/sites\/10\/2025\/01\/thumb-batching-filling-recipe.jpg","datePublished":"2024-07-16T10:31:33+00:00","dateModified":"2025-03-12T14:59:18+00:00","description":"Que vous remplissiez des bouteilles, des r\u00e9servoirs, des silos ou d'autres contenants, nos syst\u00e8mes de pes\u00e9e par lots et de contr\u00f4le des recettes garantissent la qualit\u00e9 du produit et r\u00e9duisent les pertes.","breadcrumb":{"@id":"https:\/\/www.averyweigh-tronix.com\/fr-ca\/remplissage-par-lots-et-controle-des-recettes\/#breadcrumb"},"inLanguage":"en-US","potentialAction":[{"@type":"ReadAction","target":["https:\/\/www.averyweigh-tronix.com\/fr-ca\/remplissage-par-lots-et-controle-des-recettes\/"]}]},{"@type":"ImageObject","inLanguage":"en-US","@id":"https:\/\/www.averyweigh-tronix.com\/fr-ca\/remplissage-par-lots-et-controle-des-recettes\/#primaryimage","url":"https:\/\/www.averyweigh-tronix.com\/fr-ca\/wp-content\/uploads\/sites\/10\/2025\/01\/thumb-batching-filling-recipe.jpg","contentUrl":"https:\/\/www.averyweigh-tronix.com\/fr-ca\/wp-content\/uploads\/sites\/10\/2025\/01\/thumb-batching-filling-recipe.jpg","width":687,"height":687},{"@type":"BreadcrumbList","@id":"https:\/\/www.averyweigh-tronix.com\/fr-ca\/remplissage-par-lots-et-controle-des-recettes\/#breadcrumb","itemListElement":[{"@type":"ListItem","position":1,"name":"Home","item":"https:\/\/www.averyweigh-tronix.com\/fr-ca\/"},{"@type":"ListItem","position":2,"name":"Remplissage par lots et contr\u00f4le des recettes"}]},{"@type":"WebSite","@id":"https:\/\/www.averyweigh-tronix.com\/fr-ca\/#website","url":"https:\/\/www.averyweigh-tronix.com\/fr-ca\/","name":"Avery Weigh-Tronix - Canada (FR)","description":"","potentialAction":[{"@type":"SearchAction","target":{"@type":"EntryPoint","urlTemplate":"https:\/\/www.averyweigh-tronix.com\/fr-ca\/?s={search_term_string}"},"query-input":{"@type":"PropertyValueSpecification","valueRequired":true,"valueName":"search_term_string"}}],"inLanguage":"en-US"}]}},"_links":{"self":[{"href":"https:\/\/www.averyweigh-tronix.com\/fr-ca\/wp-json\/wp\/v2\/pages\/2523","targetHints":{"allow":["GET"]}}],"collection":[{"href":"https:\/\/www.averyweigh-tronix.com\/fr-ca\/wp-json\/wp\/v2\/pages"}],"about":[{"href":"https:\/\/www.averyweigh-tronix.com\/fr-ca\/wp-json\/wp\/v2\/types\/page"}],"author":[{"embeddable":true,"href":"https:\/\/www.averyweigh-tronix.com\/fr-ca\/wp-json\/wp\/v2\/users\/1"}],"replies":[{"embeddable":true,"href":"https:\/\/www.averyweigh-tronix.com\/fr-ca\/wp-json\/wp\/v2\/comments?post=2523"}],"version-history":[{"count":0,"href":"https:\/\/www.averyweigh-tronix.com\/fr-ca\/wp-json\/wp\/v2\/pages\/2523\/revisions"}],"wp:featuredmedia":[{"embeddable":true,"href":"https:\/\/www.averyweigh-tronix.com\/fr-ca\/wp-json\/wp\/v2\/media\/3624"}],"wp:attachment":[{"href":"https:\/\/www.averyweigh-tronix.com\/fr-ca\/wp-json\/wp\/v2\/media?parent=2523"}],"wp:term":[{"taxonomy":"application","embeddable":true,"href":"https:\/\/www.averyweigh-tronix.com\/fr-ca\/wp-json\/wp\/v2\/application?post=2523"},{"taxonomy":"industry","embeddable":true,"href":"https:\/\/www.averyweigh-tronix.com\/fr-ca\/wp-json\/wp\/v2\/industry?post=2523"},{"taxonomy":"product","embeddable":true,"href":"https:\/\/www.averyweigh-tronix.com\/fr-ca\/wp-json\/wp\/v2\/product?post=2523"}],"curies":[{"name":"wp","href":"https:\/\/api.w.org\/{rel}","templated":true}]}}