{"id":2070,"date":"2024-09-09T09:14:51","date_gmt":"2024-09-09T08:14:51","guid":{"rendered":"https:\/\/www.averyweigh-tronix.com\/fr-ca\/a-division-of-itw\/"},"modified":"2025-03-11T15:51:42","modified_gmt":"2025-03-11T15:51:42","slug":"a-division-of-itw","status":"publish","type":"page","link":"https:\/\/www.averyweigh-tronix.com\/fr-ca\/e-division-ditw\/","title":{"rendered":"E Division d\u2019ITW"},"content":{"rendered":"","protected":false},"excerpt":{"rendered":"","protected":false},"author":3,"featured_media":3590,"parent":2066,"menu_order":0,"comment_status":"closed","ping_status":"closed","template":"","meta":{"_acf_changed":false},"application":[],"industry":[],"product":[],"class_list":["post-2070","page","type-page","status-publish","has-post-thumbnail","hentry"],"acf":[],"yoast_head":"<!-- This site is optimized with the Yoast SEO plugin v25.5 - https:\/\/yoast.com\/wordpress\/plugins\/seo\/ -->\n<title>e Division d\u2019ITW : L\u2019Engagement d\u2019Avery Weigh-Tronix envers l\u2019Innovation, la Diversit\u00e9 et l\u2019Inclusion<\/title>\n<meta name=\"description\" content=\"Avery Weigh-Tronix, une fi\u00e8re division d\u2019ITW, applique le mod\u00e8le d\u2019affaires ITW pour stimuler l\u2019innovation, proposer des solutions ax\u00e9es sur le client et atteindre l\u2019excellence op\u00e9rationnelle. D\u00e9couvrez notre engagement envers la diversit\u00e9 et l\u2019inclusion, gr\u00e2ce \u00e0 nos groupes de ressources pour les employ\u00e9s et \u00e0 nos initiatives favorisant la cr\u00e9ativit\u00e9, la collaboration et un environnement de travail bienveillant. Apprenez-en plus sur notre r\u00f4le au sein du r\u00e9seau mondial d\u2019ITW et sur notre engagement envers l\u2019\u00e9panouissement et la croissance de nos employ\u00e9s.\" \/>\n<meta name=\"robots\" content=\"index, follow, max-snippet:-1, max-image-preview:large, max-video-preview:-1\" \/>\n<link rel=\"canonical\" href=\"https:\/\/www.averyweigh-tronix.com\/fr-ca\/e-division-ditw\/\" \/>\n<meta property=\"og:locale\" content=\"en_US\" \/>\n<meta property=\"og:type\" content=\"article\" \/>\n<meta property=\"og:title\" content=\"e Division d\u2019ITW : L\u2019Engagement d\u2019Avery Weigh-Tronix envers l\u2019Innovation, la Diversit\u00e9 et l\u2019Inclusion\" \/>\n<meta property=\"og:description\" content=\"Avery Weigh-Tronix, une fi\u00e8re division d\u2019ITW, applique le mod\u00e8le d\u2019affaires ITW pour stimuler l\u2019innovation, proposer des solutions ax\u00e9es sur le client et atteindre l\u2019excellence op\u00e9rationnelle. D\u00e9couvrez notre engagement envers la diversit\u00e9 et l\u2019inclusion, gr\u00e2ce \u00e0 nos groupes de ressources pour les employ\u00e9s et \u00e0 nos initiatives favorisant la cr\u00e9ativit\u00e9, la collaboration et un environnement de travail bienveillant. Apprenez-en plus sur notre r\u00f4le au sein du r\u00e9seau mondial d\u2019ITW et sur notre engagement envers l\u2019\u00e9panouissement et la croissance de nos employ\u00e9s.\" \/>\n<meta property=\"og:url\" content=\"https:\/\/www.averyweigh-tronix.com\/fr-ca\/e-division-ditw\/\" \/>\n<meta property=\"og:site_name\" content=\"Avery Weigh-Tronix - Canada (FR)\" \/>\n<meta property=\"article:modified_time\" content=\"2025-03-11T15:51:42+00:00\" \/>\n<meta property=\"og:image\" content=\"https:\/\/www.averyweigh-tronix.com\/fr-ca\/wp-content\/uploads\/sites\/10\/2025\/01\/a-division-of-itw-thumb.jpg\" \/>\n\t<meta property=\"og:image:width\" content=\"687\" \/>\n\t<meta property=\"og:image:height\" content=\"687\" \/>\n\t<meta property=\"og:image:type\" content=\"image\/jpeg\" \/>\n<meta name=\"twitter:card\" content=\"summary_large_image\" \/>\n<meta name=\"twitter:label1\" content=\"Est. reading time\" \/>\n\t<meta name=\"twitter:data1\" content=\"5 minutes\" \/>\n<script type=\"application\/ld+json\" class=\"yoast-schema-graph\">{\"@context\":\"https:\/\/schema.org\",\"@graph\":[{\"@type\":\"WebPage\",\"@id\":\"https:\/\/www.averyweigh-tronix.com\/fr-ca\/e-division-ditw\/\",\"url\":\"https:\/\/www.averyweigh-tronix.com\/fr-ca\/e-division-ditw\/\",\"name\":\"e Division d\u2019ITW : L\u2019Engagement d\u2019Avery Weigh-Tronix envers l\u2019Innovation, la Diversit\u00e9 et l\u2019Inclusion\",\"isPartOf\":{\"@id\":\"https:\/\/www.averyweigh-tronix.com\/fr-ca\/#website\"},\"primaryImageOfPage\":{\"@id\":\"https:\/\/www.averyweigh-tronix.com\/fr-ca\/e-division-ditw\/#primaryimage\"},\"image\":{\"@id\":\"https:\/\/www.averyweigh-tronix.com\/fr-ca\/e-division-ditw\/#primaryimage\"},\"thumbnailUrl\":\"https:\/\/www.averyweigh-tronix.com\/fr-ca\/wp-content\/uploads\/sites\/10\/2025\/01\/a-division-of-itw-thumb.jpg\",\"datePublished\":\"2024-09-09T08:14:51+00:00\",\"dateModified\":\"2025-03-11T15:51:42+00:00\",\"description\":\"Avery Weigh-Tronix, une fi\u00e8re division d\u2019ITW, applique le mod\u00e8le d\u2019affaires ITW pour stimuler l\u2019innovation, proposer des solutions ax\u00e9es sur le client et atteindre l\u2019excellence op\u00e9rationnelle. D\u00e9couvrez notre engagement envers la diversit\u00e9 et l\u2019inclusion, gr\u00e2ce \u00e0 nos groupes de ressources pour les employ\u00e9s et \u00e0 nos initiatives favorisant la cr\u00e9ativit\u00e9, la collaboration et un environnement de travail bienveillant. Apprenez-en plus sur notre r\u00f4le au sein du r\u00e9seau mondial d\u2019ITW et sur notre engagement envers l\u2019\u00e9panouissement et la croissance de nos employ\u00e9s.\",\"breadcrumb\":{\"@id\":\"https:\/\/www.averyweigh-tronix.com\/fr-ca\/e-division-ditw\/#breadcrumb\"},\"inLanguage\":\"en-US\",\"potentialAction\":[{\"@type\":\"ReadAction\",\"target\":[\"https:\/\/www.averyweigh-tronix.com\/fr-ca\/e-division-ditw\/\"]}]},{\"@type\":\"ImageObject\",\"inLanguage\":\"en-US\",\"@id\":\"https:\/\/www.averyweigh-tronix.com\/fr-ca\/e-division-ditw\/#primaryimage\",\"url\":\"https:\/\/www.averyweigh-tronix.com\/fr-ca\/wp-content\/uploads\/sites\/10\/2025\/01\/a-division-of-itw-thumb.jpg\",\"contentUrl\":\"https:\/\/www.averyweigh-tronix.com\/fr-ca\/wp-content\/uploads\/sites\/10\/2025\/01\/a-division-of-itw-thumb.jpg\",\"width\":687,\"height\":687},{\"@type\":\"BreadcrumbList\",\"@id\":\"https:\/\/www.averyweigh-tronix.com\/fr-ca\/e-division-ditw\/#breadcrumb\",\"itemListElement\":[{\"@type\":\"ListItem\",\"position\":1,\"name\":\"Home\",\"item\":\"https:\/\/www.averyweigh-tronix.com\/fr-ca\/\"},{\"@type\":\"ListItem\",\"position\":2,\"name\":\"About\",\"item\":\"https:\/\/www.averyweigh-tronix.com\/fr-ca\/about\/\"},{\"@type\":\"ListItem\",\"position\":3,\"name\":\"E Division d\u2019ITW\"}]},{\"@type\":\"WebSite\",\"@id\":\"https:\/\/www.averyweigh-tronix.com\/fr-ca\/#website\",\"url\":\"https:\/\/www.averyweigh-tronix.com\/fr-ca\/\",\"name\":\"Avery Weigh-Tronix - Canada (FR)\",\"description\":\"\",\"potentialAction\":[{\"@type\":\"SearchAction\",\"target\":{\"@type\":\"EntryPoint\",\"urlTemplate\":\"https:\/\/www.averyweigh-tronix.com\/fr-ca\/?s={search_term_string}\"},\"query-input\":{\"@type\":\"PropertyValueSpecification\",\"valueRequired\":true,\"valueName\":\"search_term_string\"}}],\"inLanguage\":\"en-US\"}]}<\/script>\n<!-- \/ Yoast SEO plugin. -->","yoast_head_json":{"title":"e Division d\u2019ITW : L\u2019Engagement d\u2019Avery Weigh-Tronix envers l\u2019Innovation, la Diversit\u00e9 et l\u2019Inclusion","description":"Avery Weigh-Tronix, une fi\u00e8re division d\u2019ITW, applique le mod\u00e8le d\u2019affaires ITW pour stimuler l\u2019innovation, proposer des solutions ax\u00e9es sur le client et atteindre l\u2019excellence op\u00e9rationnelle. D\u00e9couvrez notre engagement envers la diversit\u00e9 et l\u2019inclusion, gr\u00e2ce \u00e0 nos groupes de ressources pour les employ\u00e9s et \u00e0 nos initiatives favorisant la cr\u00e9ativit\u00e9, la collaboration et un environnement de travail bienveillant. Apprenez-en plus sur notre r\u00f4le au sein du r\u00e9seau mondial d\u2019ITW et sur notre engagement envers l\u2019\u00e9panouissement et la croissance de nos employ\u00e9s.","robots":{"index":"index","follow":"follow","max-snippet":"max-snippet:-1","max-image-preview":"max-image-preview:large","max-video-preview":"max-video-preview:-1"},"canonical":"https:\/\/www.averyweigh-tronix.com\/fr-ca\/e-division-ditw\/","og_locale":"en_US","og_type":"article","og_title":"e Division d\u2019ITW : L\u2019Engagement d\u2019Avery Weigh-Tronix envers l\u2019Innovation, la Diversit\u00e9 et l\u2019Inclusion","og_description":"Avery Weigh-Tronix, une fi\u00e8re division d\u2019ITW, applique le mod\u00e8le d\u2019affaires ITW pour stimuler l\u2019innovation, proposer des solutions ax\u00e9es sur le client et atteindre l\u2019excellence op\u00e9rationnelle. D\u00e9couvrez notre engagement envers la diversit\u00e9 et l\u2019inclusion, gr\u00e2ce \u00e0 nos groupes de ressources pour les employ\u00e9s et \u00e0 nos initiatives favorisant la cr\u00e9ativit\u00e9, la collaboration et un environnement de travail bienveillant. Apprenez-en plus sur notre r\u00f4le au sein du r\u00e9seau mondial d\u2019ITW et sur notre engagement envers l\u2019\u00e9panouissement et la croissance de nos employ\u00e9s.","og_url":"https:\/\/www.averyweigh-tronix.com\/fr-ca\/e-division-ditw\/","og_site_name":"Avery Weigh-Tronix - Canada (FR)","article_modified_time":"2025-03-11T15:51:42+00:00","og_image":[{"width":687,"height":687,"url":"https:\/\/www.averyweigh-tronix.com\/fr-ca\/wp-content\/uploads\/sites\/10\/2025\/01\/a-division-of-itw-thumb.jpg","type":"image\/jpeg"}],"twitter_card":"summary_large_image","twitter_misc":{"Est. reading time":"5 minutes"},"schema":{"@context":"https:\/\/schema.org","@graph":[{"@type":"WebPage","@id":"https:\/\/www.averyweigh-tronix.com\/fr-ca\/e-division-ditw\/","url":"https:\/\/www.averyweigh-tronix.com\/fr-ca\/e-division-ditw\/","name":"e Division d\u2019ITW : L\u2019Engagement d\u2019Avery Weigh-Tronix envers l\u2019Innovation, la Diversit\u00e9 et l\u2019Inclusion","isPartOf":{"@id":"https:\/\/www.averyweigh-tronix.com\/fr-ca\/#website"},"primaryImageOfPage":{"@id":"https:\/\/www.averyweigh-tronix.com\/fr-ca\/e-division-ditw\/#primaryimage"},"image":{"@id":"https:\/\/www.averyweigh-tronix.com\/fr-ca\/e-division-ditw\/#primaryimage"},"thumbnailUrl":"https:\/\/www.averyweigh-tronix.com\/fr-ca\/wp-content\/uploads\/sites\/10\/2025\/01\/a-division-of-itw-thumb.jpg","datePublished":"2024-09-09T08:14:51+00:00","dateModified":"2025-03-11T15:51:42+00:00","description":"Avery Weigh-Tronix, une fi\u00e8re division d\u2019ITW, applique le mod\u00e8le d\u2019affaires ITW pour stimuler l\u2019innovation, proposer des solutions ax\u00e9es sur le client et atteindre l\u2019excellence op\u00e9rationnelle. D\u00e9couvrez notre engagement envers la diversit\u00e9 et l\u2019inclusion, gr\u00e2ce \u00e0 nos groupes de ressources pour les employ\u00e9s et \u00e0 nos initiatives favorisant la cr\u00e9ativit\u00e9, la collaboration et un environnement de travail bienveillant. Apprenez-en plus sur notre r\u00f4le au sein du r\u00e9seau mondial d\u2019ITW et sur notre engagement envers l\u2019\u00e9panouissement et la croissance de nos employ\u00e9s.","breadcrumb":{"@id":"https:\/\/www.averyweigh-tronix.com\/fr-ca\/e-division-ditw\/#breadcrumb"},"inLanguage":"en-US","potentialAction":[{"@type":"ReadAction","target":["https:\/\/www.averyweigh-tronix.com\/fr-ca\/e-division-ditw\/"]}]},{"@type":"ImageObject","inLanguage":"en-US","@id":"https:\/\/www.averyweigh-tronix.com\/fr-ca\/e-division-ditw\/#primaryimage","url":"https:\/\/www.averyweigh-tronix.com\/fr-ca\/wp-content\/uploads\/sites\/10\/2025\/01\/a-division-of-itw-thumb.jpg","contentUrl":"https:\/\/www.averyweigh-tronix.com\/fr-ca\/wp-content\/uploads\/sites\/10\/2025\/01\/a-division-of-itw-thumb.jpg","width":687,"height":687},{"@type":"BreadcrumbList","@id":"https:\/\/www.averyweigh-tronix.com\/fr-ca\/e-division-ditw\/#breadcrumb","itemListElement":[{"@type":"ListItem","position":1,"name":"Home","item":"https:\/\/www.averyweigh-tronix.com\/fr-ca\/"},{"@type":"ListItem","position":2,"name":"About","item":"https:\/\/www.averyweigh-tronix.com\/fr-ca\/about\/"},{"@type":"ListItem","position":3,"name":"E Division d\u2019ITW"}]},{"@type":"WebSite","@id":"https:\/\/www.averyweigh-tronix.com\/fr-ca\/#website","url":"https:\/\/www.averyweigh-tronix.com\/fr-ca\/","name":"Avery Weigh-Tronix - Canada (FR)","description":"","potentialAction":[{"@type":"SearchAction","target":{"@type":"EntryPoint","urlTemplate":"https:\/\/www.averyweigh-tronix.com\/fr-ca\/?s={search_term_string}"},"query-input":{"@type":"PropertyValueSpecification","valueRequired":true,"valueName":"search_term_string"}}],"inLanguage":"en-US"}]}},"_links":{"self":[{"href":"https:\/\/www.averyweigh-tronix.com\/fr-ca\/wp-json\/wp\/v2\/pages\/2070","targetHints":{"allow":["GET"]}}],"collection":[{"href":"https:\/\/www.averyweigh-tronix.com\/fr-ca\/wp-json\/wp\/v2\/pages"}],"about":[{"href":"https:\/\/www.averyweigh-tronix.com\/fr-ca\/wp-json\/wp\/v2\/types\/page"}],"author":[{"embeddable":true,"href":"https:\/\/www.averyweigh-tronix.com\/fr-ca\/wp-json\/wp\/v2\/users\/3"}],"replies":[{"embeddable":true,"href":"https:\/\/www.averyweigh-tronix.com\/fr-ca\/wp-json\/wp\/v2\/comments?post=2070"}],"version-history":[{"count":0,"href":"https:\/\/www.averyweigh-tronix.com\/fr-ca\/wp-json\/wp\/v2\/pages\/2070\/revisions"}],"up":[{"embeddable":true,"href":"https:\/\/www.averyweigh-tronix.com\/fr-ca\/wp-json\/wp\/v2\/pages\/2066"}],"wp:featuredmedia":[{"embeddable":true,"href":"https:\/\/www.averyweigh-tronix.com\/fr-ca\/wp-json\/wp\/v2\/media\/3590"}],"wp:attachment":[{"href":"https:\/\/www.averyweigh-tronix.com\/fr-ca\/wp-json\/wp\/v2\/media?parent=2070"}],"wp:term":[{"taxonomy":"application","embeddable":true,"href":"https:\/\/www.averyweigh-tronix.com\/fr-ca\/wp-json\/wp\/v2\/application?post=2070"},{"taxonomy":"industry","embeddable":true,"href":"https:\/\/www.averyweigh-tronix.com\/fr-ca\/wp-json\/wp\/v2\/industry?post=2070"},{"taxonomy":"product","embeddable":true,"href":"https:\/\/www.averyweigh-tronix.com\/fr-ca\/wp-json\/wp\/v2\/product?post=2070"}],"curies":[{"name":"wp","href":"https:\/\/api.w.org\/{rel}","templated":true}]}}