{"id":2026,"date":"2024-09-23T16:46:29","date_gmt":"2024-09-23T15:46:29","guid":{"rendered":"https:\/\/www.averyweigh-tronix.com\/fr-ca\/?page_id=2026"},"modified":"2025-03-06T15:11:27","modified_gmt":"2025-03-06T15:11:27","slug":"drilling-and-exploration","status":"publish","type":"page","link":"https:\/\/www.averyweigh-tronix.com\/fr-ca\/le-forage-et-lexploration\/","title":{"rendered":"\u00c9quipement de pesage pour le forage et l&#8217;exploration"},"content":{"rendered":"","protected":false},"excerpt":{"rendered":"","protected":false},"author":4,"featured_media":2215,"parent":1959,"menu_order":0,"comment_status":"closed","ping_status":"closed","template":"","meta":{"_acf_changed":false},"application":[],"industry":[231],"product":[],"class_list":["post-2026","page","type-page","status-publish","has-post-thumbnail","hentry","industry-dexploration-et-de-forage"],"acf":[],"yoast_head":"<!-- This site is optimized with the Yoast SEO plugin v27.5 - https:\/\/yoast.com\/product\/yoast-seo-wordpress\/ -->\n<title>\u00c9quipement de pesage pour le forage et l&#039;exploration<\/title>\n<meta name=\"description\" content=\"Maximisez l&#039;efficacit\u00e9 des sites d&#039;exploration et de forage en utilisant des balances pour camions, des balances \u00e0 plate-forme et des \u00e9quipements de pesage pr\u00e9cis.\" \/>\n<meta name=\"robots\" content=\"index, follow, max-snippet:-1, max-image-preview:large, max-video-preview:-1\" \/>\n<link rel=\"canonical\" href=\"https:\/\/www.averyweigh-tronix.com\/fr-ca\/le-forage-et-lexploration\/\" \/>\n<meta property=\"og:locale\" content=\"en_US\" \/>\n<meta property=\"og:type\" content=\"article\" \/>\n<meta property=\"og:title\" content=\"\u00c9quipement de pesage pour le forage et l&#039;exploration\" \/>\n<meta property=\"og:description\" content=\"Maximisez l&#039;efficacit\u00e9 des sites d&#039;exploration et de forage en utilisant des balances pour camions, des balances \u00e0 plate-forme et des \u00e9quipements de pesage pr\u00e9cis.\" \/>\n<meta property=\"og:url\" content=\"https:\/\/www.averyweigh-tronix.com\/fr-ca\/le-forage-et-lexploration\/\" \/>\n<meta property=\"og:site_name\" content=\"Avery Weigh-Tronix - Canada (FR)\" \/>\n<meta property=\"article:modified_time\" content=\"2025-03-06T15:11:27+00:00\" \/>\n<meta property=\"og:image\" content=\"https:\/\/www.averyweigh-tronix.com\/fr-ca\/wp-content\/uploads\/sites\/10\/2024\/10\/thumb-drilling-and-exploration.jpg\" \/>\n\t<meta property=\"og:image:width\" content=\"687\" \/>\n\t<meta property=\"og:image:height\" content=\"687\" \/>\n\t<meta property=\"og:image:type\" content=\"image\/jpeg\" \/>\n<meta name=\"twitter:card\" content=\"summary_large_image\" \/>\n<meta name=\"twitter:label1\" content=\"Est. reading time\" \/>\n\t<meta name=\"twitter:data1\" content=\"3 minutes\" \/>\n<script type=\"application\/ld+json\" class=\"yoast-schema-graph\">{\"@context\":\"https:\\\/\\\/schema.org\",\"@graph\":[{\"@type\":\"WebPage\",\"@id\":\"https:\\\/\\\/www.averyweigh-tronix.com\\\/fr-ca\\\/le-forage-et-lexploration\\\/\",\"url\":\"https:\\\/\\\/www.averyweigh-tronix.com\\\/fr-ca\\\/le-forage-et-lexploration\\\/\",\"name\":\"\u00c9quipement de pesage pour le forage et l'exploration\",\"isPartOf\":{\"@id\":\"https:\\\/\\\/www.averyweigh-tronix.com\\\/fr-ca\\\/#website\"},\"primaryImageOfPage\":{\"@id\":\"https:\\\/\\\/www.averyweigh-tronix.com\\\/fr-ca\\\/le-forage-et-lexploration\\\/#primaryimage\"},\"image\":{\"@id\":\"https:\\\/\\\/www.averyweigh-tronix.com\\\/fr-ca\\\/le-forage-et-lexploration\\\/#primaryimage\"},\"thumbnailUrl\":\"https:\\\/\\\/www.averyweigh-tronix.com\\\/fr-ca\\\/wp-content\\\/uploads\\\/sites\\\/10\\\/2024\\\/10\\\/thumb-drilling-and-exploration.jpg\",\"datePublished\":\"2024-09-23T15:46:29+00:00\",\"dateModified\":\"2025-03-06T15:11:27+00:00\",\"description\":\"Maximisez l'efficacit\u00e9 des sites d'exploration et de forage en utilisant des balances pour camions, des balances \u00e0 plate-forme et des \u00e9quipements de pesage pr\u00e9cis.\",\"breadcrumb\":{\"@id\":\"https:\\\/\\\/www.averyweigh-tronix.com\\\/fr-ca\\\/le-forage-et-lexploration\\\/#breadcrumb\"},\"inLanguage\":\"en-US\",\"potentialAction\":[{\"@type\":\"ReadAction\",\"target\":[\"https:\\\/\\\/www.averyweigh-tronix.com\\\/fr-ca\\\/le-forage-et-lexploration\\\/\"]}]},{\"@type\":\"ImageObject\",\"inLanguage\":\"en-US\",\"@id\":\"https:\\\/\\\/www.averyweigh-tronix.com\\\/fr-ca\\\/le-forage-et-lexploration\\\/#primaryimage\",\"url\":\"https:\\\/\\\/www.averyweigh-tronix.com\\\/fr-ca\\\/wp-content\\\/uploads\\\/sites\\\/10\\\/2024\\\/10\\\/thumb-drilling-and-exploration.jpg\",\"contentUrl\":\"https:\\\/\\\/www.averyweigh-tronix.com\\\/fr-ca\\\/wp-content\\\/uploads\\\/sites\\\/10\\\/2024\\\/10\\\/thumb-drilling-and-exploration.jpg\",\"width\":687,\"height\":687},{\"@type\":\"BreadcrumbList\",\"@id\":\"https:\\\/\\\/www.averyweigh-tronix.com\\\/fr-ca\\\/le-forage-et-lexploration\\\/#breadcrumb\",\"itemListElement\":[{\"@type\":\"ListItem\",\"position\":1,\"name\":\"Home\",\"item\":\"https:\\\/\\\/www.averyweigh-tronix.com\\\/fr-ca\\\/\"},{\"@type\":\"ListItem\",\"position\":2,\"name\":\"Industries\",\"item\":\"https:\\\/\\\/www.averyweigh-tronix.com\\\/fr-ca\\\/industries\\\/\"},{\"@type\":\"ListItem\",\"position\":3,\"name\":\"De l&#8217;industrie mini\u00e8re et des agr\u00e9gats\",\"item\":\"https:\\\/\\\/www.averyweigh-tronix.com\\\/fr-ca\\\/de-lindustrie-miniere-et-des-agregats\\\/\"},{\"@type\":\"ListItem\",\"position\":4,\"name\":\"\u00c9quipement de pesage pour le forage et l&#8217;exploration\"}]},{\"@type\":\"WebSite\",\"@id\":\"https:\\\/\\\/www.averyweigh-tronix.com\\\/fr-ca\\\/#website\",\"url\":\"https:\\\/\\\/www.averyweigh-tronix.com\\\/fr-ca\\\/\",\"name\":\"Avery Weigh-Tronix - Canada (FR)\",\"description\":\"\",\"potentialAction\":[{\"@type\":\"SearchAction\",\"target\":{\"@type\":\"EntryPoint\",\"urlTemplate\":\"https:\\\/\\\/www.averyweigh-tronix.com\\\/fr-ca\\\/?s={search_term_string}\"},\"query-input\":{\"@type\":\"PropertyValueSpecification\",\"valueRequired\":true,\"valueName\":\"search_term_string\"}}],\"inLanguage\":\"en-US\"}]}<\/script>\n<!-- \/ Yoast SEO plugin. -->","yoast_head_json":{"title":"\u00c9quipement de pesage pour le forage et l'exploration","description":"Maximisez l'efficacit\u00e9 des sites d'exploration et de forage en utilisant des balances pour camions, des balances \u00e0 plate-forme et des \u00e9quipements de pesage pr\u00e9cis.","robots":{"index":"index","follow":"follow","max-snippet":"max-snippet:-1","max-image-preview":"max-image-preview:large","max-video-preview":"max-video-preview:-1"},"canonical":"https:\/\/www.averyweigh-tronix.com\/fr-ca\/le-forage-et-lexploration\/","og_locale":"en_US","og_type":"article","og_title":"\u00c9quipement de pesage pour le forage et l'exploration","og_description":"Maximisez l'efficacit\u00e9 des sites d'exploration et de forage en utilisant des balances pour camions, des balances \u00e0 plate-forme et des \u00e9quipements de pesage pr\u00e9cis.","og_url":"https:\/\/www.averyweigh-tronix.com\/fr-ca\/le-forage-et-lexploration\/","og_site_name":"Avery Weigh-Tronix - Canada (FR)","article_modified_time":"2025-03-06T15:11:27+00:00","og_image":[{"width":687,"height":687,"url":"https:\/\/www.averyweigh-tronix.com\/fr-ca\/wp-content\/uploads\/sites\/10\/2024\/10\/thumb-drilling-and-exploration.jpg","type":"image\/jpeg"}],"twitter_card":"summary_large_image","twitter_misc":{"Est. reading time":"3 minutes"},"schema":{"@context":"https:\/\/schema.org","@graph":[{"@type":"WebPage","@id":"https:\/\/www.averyweigh-tronix.com\/fr-ca\/le-forage-et-lexploration\/","url":"https:\/\/www.averyweigh-tronix.com\/fr-ca\/le-forage-et-lexploration\/","name":"\u00c9quipement de pesage pour le forage et l'exploration","isPartOf":{"@id":"https:\/\/www.averyweigh-tronix.com\/fr-ca\/#website"},"primaryImageOfPage":{"@id":"https:\/\/www.averyweigh-tronix.com\/fr-ca\/le-forage-et-lexploration\/#primaryimage"},"image":{"@id":"https:\/\/www.averyweigh-tronix.com\/fr-ca\/le-forage-et-lexploration\/#primaryimage"},"thumbnailUrl":"https:\/\/www.averyweigh-tronix.com\/fr-ca\/wp-content\/uploads\/sites\/10\/2024\/10\/thumb-drilling-and-exploration.jpg","datePublished":"2024-09-23T15:46:29+00:00","dateModified":"2025-03-06T15:11:27+00:00","description":"Maximisez l'efficacit\u00e9 des sites d'exploration et de forage en utilisant des balances pour camions, des balances \u00e0 plate-forme et des \u00e9quipements de pesage pr\u00e9cis.","breadcrumb":{"@id":"https:\/\/www.averyweigh-tronix.com\/fr-ca\/le-forage-et-lexploration\/#breadcrumb"},"inLanguage":"en-US","potentialAction":[{"@type":"ReadAction","target":["https:\/\/www.averyweigh-tronix.com\/fr-ca\/le-forage-et-lexploration\/"]}]},{"@type":"ImageObject","inLanguage":"en-US","@id":"https:\/\/www.averyweigh-tronix.com\/fr-ca\/le-forage-et-lexploration\/#primaryimage","url":"https:\/\/www.averyweigh-tronix.com\/fr-ca\/wp-content\/uploads\/sites\/10\/2024\/10\/thumb-drilling-and-exploration.jpg","contentUrl":"https:\/\/www.averyweigh-tronix.com\/fr-ca\/wp-content\/uploads\/sites\/10\/2024\/10\/thumb-drilling-and-exploration.jpg","width":687,"height":687},{"@type":"BreadcrumbList","@id":"https:\/\/www.averyweigh-tronix.com\/fr-ca\/le-forage-et-lexploration\/#breadcrumb","itemListElement":[{"@type":"ListItem","position":1,"name":"Home","item":"https:\/\/www.averyweigh-tronix.com\/fr-ca\/"},{"@type":"ListItem","position":2,"name":"Industries","item":"https:\/\/www.averyweigh-tronix.com\/fr-ca\/industries\/"},{"@type":"ListItem","position":3,"name":"De l&#8217;industrie mini\u00e8re et des agr\u00e9gats","item":"https:\/\/www.averyweigh-tronix.com\/fr-ca\/de-lindustrie-miniere-et-des-agregats\/"},{"@type":"ListItem","position":4,"name":"\u00c9quipement de pesage pour le forage et l&#8217;exploration"}]},{"@type":"WebSite","@id":"https:\/\/www.averyweigh-tronix.com\/fr-ca\/#website","url":"https:\/\/www.averyweigh-tronix.com\/fr-ca\/","name":"Avery Weigh-Tronix - Canada (FR)","description":"","potentialAction":[{"@type":"SearchAction","target":{"@type":"EntryPoint","urlTemplate":"https:\/\/www.averyweigh-tronix.com\/fr-ca\/?s={search_term_string}"},"query-input":{"@type":"PropertyValueSpecification","valueRequired":true,"valueName":"search_term_string"}}],"inLanguage":"en-US"}]}},"_links":{"self":[{"href":"https:\/\/www.averyweigh-tronix.com\/fr-ca\/wp-json\/wp\/v2\/pages\/2026","targetHints":{"allow":["GET"]}}],"collection":[{"href":"https:\/\/www.averyweigh-tronix.com\/fr-ca\/wp-json\/wp\/v2\/pages"}],"about":[{"href":"https:\/\/www.averyweigh-tronix.com\/fr-ca\/wp-json\/wp\/v2\/types\/page"}],"author":[{"embeddable":true,"href":"https:\/\/www.averyweigh-tronix.com\/fr-ca\/wp-json\/wp\/v2\/users\/4"}],"replies":[{"embeddable":true,"href":"https:\/\/www.averyweigh-tronix.com\/fr-ca\/wp-json\/wp\/v2\/comments?post=2026"}],"version-history":[{"count":0,"href":"https:\/\/www.averyweigh-tronix.com\/fr-ca\/wp-json\/wp\/v2\/pages\/2026\/revisions"}],"up":[{"embeddable":true,"href":"https:\/\/www.averyweigh-tronix.com\/fr-ca\/wp-json\/wp\/v2\/pages\/1959"}],"wp:featuredmedia":[{"embeddable":true,"href":"https:\/\/www.averyweigh-tronix.com\/fr-ca\/wp-json\/wp\/v2\/media\/2215"}],"wp:attachment":[{"href":"https:\/\/www.averyweigh-tronix.com\/fr-ca\/wp-json\/wp\/v2\/media?parent=2026"}],"wp:term":[{"taxonomy":"application","embeddable":true,"href":"https:\/\/www.averyweigh-tronix.com\/fr-ca\/wp-json\/wp\/v2\/application?post=2026"},{"taxonomy":"industry","embeddable":true,"href":"https:\/\/www.averyweigh-tronix.com\/fr-ca\/wp-json\/wp\/v2\/industry?post=2026"},{"taxonomy":"product","embeddable":true,"href":"https:\/\/www.averyweigh-tronix.com\/fr-ca\/wp-json\/wp\/v2\/product?post=2026"}],"curies":[{"name":"wp","href":"https:\/\/api.w.org\/{rel}","templated":true}]}}