{"id":1999,"date":"2024-07-16T11:21:48","date_gmt":"2024-07-16T10:21:48","guid":{"rendered":"https:\/\/www.averyweigh-tronix.com\/fr-ca\/resource-efficiency-waste-management\/"},"modified":"2025-03-13T14:42:26","modified_gmt":"2025-03-13T14:42:26","slug":"resource-efficiency-waste-management","status":"publish","type":"page","link":"https:\/\/www.averyweigh-tronix.com\/fr-ca\/des-dechets-et-du-recyclage\/","title":{"rendered":"L&#8217;industrie des d\u00e9chets et du recyclage"},"content":{"rendered":"","protected":false},"excerpt":{"rendered":"","protected":false},"author":1,"featured_media":1210,"parent":3825,"menu_order":0,"comment_status":"closed","ping_status":"closed","template":"","meta":{"_acf_changed":false},"application":[],"industry":[242],"product":[],"class_list":["post-1999","page","type-page","status-publish","has-post-thumbnail","hentry","industry-des-dechets-et-du-recyclage"],"acf":[],"yoast_head":"<!-- This site is optimized with the Yoast SEO plugin v25.5 - https:\/\/yoast.com\/wordpress\/plugins\/seo\/ -->\n<title>L&#039;industrie des d\u00e9chets et du recyclage | Avery Weigh-Tronix<\/title>\n<meta name=\"description\" content=\"\u00c9quipements de pes\u00e9e industriels pour les d\u00e9chets et le recyclage\" \/>\n<meta name=\"robots\" content=\"index, follow, max-snippet:-1, max-image-preview:large, max-video-preview:-1\" \/>\n<link rel=\"canonical\" href=\"https:\/\/www.averyweigh-tronix.com\/fr-ca\/des-dechets-et-du-recyclage\/\" \/>\n<meta property=\"og:locale\" content=\"en_US\" \/>\n<meta property=\"og:type\" content=\"article\" \/>\n<meta property=\"og:title\" content=\"L&#039;industrie des d\u00e9chets et du recyclage | Avery Weigh-Tronix\" \/>\n<meta property=\"og:description\" content=\"\u00c9quipements de pes\u00e9e industriels pour les d\u00e9chets et le recyclage\" \/>\n<meta property=\"og:url\" content=\"https:\/\/www.averyweigh-tronix.com\/fr-ca\/des-dechets-et-du-recyclage\/\" \/>\n<meta property=\"og:site_name\" content=\"Avery Weigh-Tronix - Canada (FR)\" \/>\n<meta property=\"article:modified_time\" content=\"2025-03-13T14:42:26+00:00\" \/>\n<meta property=\"og:image\" content=\"https:\/\/www.averyweigh-tronix.com\/fr-ca\/wp-content\/uploads\/sites\/10\/2024\/07\/Resource-Efficiency-and-Waste-Management-1.jpg\" \/>\n\t<meta property=\"og:image:width\" content=\"687\" \/>\n\t<meta property=\"og:image:height\" content=\"687\" \/>\n\t<meta property=\"og:image:type\" content=\"image\/jpeg\" \/>\n<meta name=\"twitter:card\" content=\"summary_large_image\" \/>\n<meta name=\"twitter:label1\" content=\"Est. reading time\" \/>\n\t<meta name=\"twitter:data1\" content=\"3 minutes\" \/>\n<script type=\"application\/ld+json\" class=\"yoast-schema-graph\">{\"@context\":\"https:\/\/schema.org\",\"@graph\":[{\"@type\":\"WebPage\",\"@id\":\"https:\/\/www.averyweigh-tronix.com\/fr-ca\/des-dechets-et-du-recyclage\/\",\"url\":\"https:\/\/www.averyweigh-tronix.com\/fr-ca\/des-dechets-et-du-recyclage\/\",\"name\":\"L'industrie des d\u00e9chets et du recyclage | Avery Weigh-Tronix\",\"isPartOf\":{\"@id\":\"https:\/\/www.averyweigh-tronix.com\/fr-ca\/#website\"},\"primaryImageOfPage\":{\"@id\":\"https:\/\/www.averyweigh-tronix.com\/fr-ca\/des-dechets-et-du-recyclage\/#primaryimage\"},\"image\":{\"@id\":\"https:\/\/www.averyweigh-tronix.com\/fr-ca\/des-dechets-et-du-recyclage\/#primaryimage\"},\"thumbnailUrl\":\"https:\/\/www.averyweigh-tronix.com\/fr-ca\/wp-content\/uploads\/sites\/10\/2024\/07\/Resource-Efficiency-and-Waste-Management-1.jpg\",\"datePublished\":\"2024-07-16T10:21:48+00:00\",\"dateModified\":\"2025-03-13T14:42:26+00:00\",\"description\":\"\u00c9quipements de pes\u00e9e industriels pour les d\u00e9chets et le recyclage\",\"breadcrumb\":{\"@id\":\"https:\/\/www.averyweigh-tronix.com\/fr-ca\/des-dechets-et-du-recyclage\/#breadcrumb\"},\"inLanguage\":\"en-US\",\"potentialAction\":[{\"@type\":\"ReadAction\",\"target\":[\"https:\/\/www.averyweigh-tronix.com\/fr-ca\/des-dechets-et-du-recyclage\/\"]}]},{\"@type\":\"ImageObject\",\"inLanguage\":\"en-US\",\"@id\":\"https:\/\/www.averyweigh-tronix.com\/fr-ca\/des-dechets-et-du-recyclage\/#primaryimage\",\"url\":\"https:\/\/www.averyweigh-tronix.com\/fr-ca\/wp-content\/uploads\/sites\/10\/2024\/07\/Resource-Efficiency-and-Waste-Management-1.jpg\",\"contentUrl\":\"https:\/\/www.averyweigh-tronix.com\/fr-ca\/wp-content\/uploads\/sites\/10\/2024\/07\/Resource-Efficiency-and-Waste-Management-1.jpg\",\"width\":687,\"height\":687},{\"@type\":\"BreadcrumbList\",\"@id\":\"https:\/\/www.averyweigh-tronix.com\/fr-ca\/des-dechets-et-du-recyclage\/#breadcrumb\",\"itemListElement\":[{\"@type\":\"ListItem\",\"position\":1,\"name\":\"Home\",\"item\":\"https:\/\/www.averyweigh-tronix.com\/fr-ca\/\"},{\"@type\":\"ListItem\",\"position\":2,\"name\":\"Industries\",\"item\":\"https:\/\/www.averyweigh-tronix.com\/fr-ca\/industries\/\"},{\"@type\":\"ListItem\",\"position\":3,\"name\":\"L&#8217;industrie des d\u00e9chets et du recyclage\"}]},{\"@type\":\"WebSite\",\"@id\":\"https:\/\/www.averyweigh-tronix.com\/fr-ca\/#website\",\"url\":\"https:\/\/www.averyweigh-tronix.com\/fr-ca\/\",\"name\":\"Avery Weigh-Tronix - Canada (FR)\",\"description\":\"\",\"potentialAction\":[{\"@type\":\"SearchAction\",\"target\":{\"@type\":\"EntryPoint\",\"urlTemplate\":\"https:\/\/www.averyweigh-tronix.com\/fr-ca\/?s={search_term_string}\"},\"query-input\":{\"@type\":\"PropertyValueSpecification\",\"valueRequired\":true,\"valueName\":\"search_term_string\"}}],\"inLanguage\":\"en-US\"}]}<\/script>\n<!-- \/ Yoast SEO plugin. -->","yoast_head_json":{"title":"L'industrie des d\u00e9chets et du recyclage | Avery Weigh-Tronix","description":"\u00c9quipements de pes\u00e9e industriels pour les d\u00e9chets et le recyclage","robots":{"index":"index","follow":"follow","max-snippet":"max-snippet:-1","max-image-preview":"max-image-preview:large","max-video-preview":"max-video-preview:-1"},"canonical":"https:\/\/www.averyweigh-tronix.com\/fr-ca\/des-dechets-et-du-recyclage\/","og_locale":"en_US","og_type":"article","og_title":"L'industrie des d\u00e9chets et du recyclage | Avery Weigh-Tronix","og_description":"\u00c9quipements de pes\u00e9e industriels pour les d\u00e9chets et le recyclage","og_url":"https:\/\/www.averyweigh-tronix.com\/fr-ca\/des-dechets-et-du-recyclage\/","og_site_name":"Avery Weigh-Tronix - Canada (FR)","article_modified_time":"2025-03-13T14:42:26+00:00","og_image":[{"width":687,"height":687,"url":"https:\/\/www.averyweigh-tronix.com\/fr-ca\/wp-content\/uploads\/sites\/10\/2024\/07\/Resource-Efficiency-and-Waste-Management-1.jpg","type":"image\/jpeg"}],"twitter_card":"summary_large_image","twitter_misc":{"Est. reading time":"3 minutes"},"schema":{"@context":"https:\/\/schema.org","@graph":[{"@type":"WebPage","@id":"https:\/\/www.averyweigh-tronix.com\/fr-ca\/des-dechets-et-du-recyclage\/","url":"https:\/\/www.averyweigh-tronix.com\/fr-ca\/des-dechets-et-du-recyclage\/","name":"L'industrie des d\u00e9chets et du recyclage | Avery Weigh-Tronix","isPartOf":{"@id":"https:\/\/www.averyweigh-tronix.com\/fr-ca\/#website"},"primaryImageOfPage":{"@id":"https:\/\/www.averyweigh-tronix.com\/fr-ca\/des-dechets-et-du-recyclage\/#primaryimage"},"image":{"@id":"https:\/\/www.averyweigh-tronix.com\/fr-ca\/des-dechets-et-du-recyclage\/#primaryimage"},"thumbnailUrl":"https:\/\/www.averyweigh-tronix.com\/fr-ca\/wp-content\/uploads\/sites\/10\/2024\/07\/Resource-Efficiency-and-Waste-Management-1.jpg","datePublished":"2024-07-16T10:21:48+00:00","dateModified":"2025-03-13T14:42:26+00:00","description":"\u00c9quipements de pes\u00e9e industriels pour les d\u00e9chets et le recyclage","breadcrumb":{"@id":"https:\/\/www.averyweigh-tronix.com\/fr-ca\/des-dechets-et-du-recyclage\/#breadcrumb"},"inLanguage":"en-US","potentialAction":[{"@type":"ReadAction","target":["https:\/\/www.averyweigh-tronix.com\/fr-ca\/des-dechets-et-du-recyclage\/"]}]},{"@type":"ImageObject","inLanguage":"en-US","@id":"https:\/\/www.averyweigh-tronix.com\/fr-ca\/des-dechets-et-du-recyclage\/#primaryimage","url":"https:\/\/www.averyweigh-tronix.com\/fr-ca\/wp-content\/uploads\/sites\/10\/2024\/07\/Resource-Efficiency-and-Waste-Management-1.jpg","contentUrl":"https:\/\/www.averyweigh-tronix.com\/fr-ca\/wp-content\/uploads\/sites\/10\/2024\/07\/Resource-Efficiency-and-Waste-Management-1.jpg","width":687,"height":687},{"@type":"BreadcrumbList","@id":"https:\/\/www.averyweigh-tronix.com\/fr-ca\/des-dechets-et-du-recyclage\/#breadcrumb","itemListElement":[{"@type":"ListItem","position":1,"name":"Home","item":"https:\/\/www.averyweigh-tronix.com\/fr-ca\/"},{"@type":"ListItem","position":2,"name":"Industries","item":"https:\/\/www.averyweigh-tronix.com\/fr-ca\/industries\/"},{"@type":"ListItem","position":3,"name":"L&#8217;industrie des d\u00e9chets et du recyclage"}]},{"@type":"WebSite","@id":"https:\/\/www.averyweigh-tronix.com\/fr-ca\/#website","url":"https:\/\/www.averyweigh-tronix.com\/fr-ca\/","name":"Avery Weigh-Tronix - Canada (FR)","description":"","potentialAction":[{"@type":"SearchAction","target":{"@type":"EntryPoint","urlTemplate":"https:\/\/www.averyweigh-tronix.com\/fr-ca\/?s={search_term_string}"},"query-input":{"@type":"PropertyValueSpecification","valueRequired":true,"valueName":"search_term_string"}}],"inLanguage":"en-US"}]}},"_links":{"self":[{"href":"https:\/\/www.averyweigh-tronix.com\/fr-ca\/wp-json\/wp\/v2\/pages\/1999","targetHints":{"allow":["GET"]}}],"collection":[{"href":"https:\/\/www.averyweigh-tronix.com\/fr-ca\/wp-json\/wp\/v2\/pages"}],"about":[{"href":"https:\/\/www.averyweigh-tronix.com\/fr-ca\/wp-json\/wp\/v2\/types\/page"}],"author":[{"embeddable":true,"href":"https:\/\/www.averyweigh-tronix.com\/fr-ca\/wp-json\/wp\/v2\/users\/1"}],"replies":[{"embeddable":true,"href":"https:\/\/www.averyweigh-tronix.com\/fr-ca\/wp-json\/wp\/v2\/comments?post=1999"}],"version-history":[{"count":0,"href":"https:\/\/www.averyweigh-tronix.com\/fr-ca\/wp-json\/wp\/v2\/pages\/1999\/revisions"}],"up":[{"embeddable":true,"href":"https:\/\/www.averyweigh-tronix.com\/fr-ca\/wp-json\/wp\/v2\/pages\/3825"}],"wp:featuredmedia":[{"embeddable":true,"href":"https:\/\/www.averyweigh-tronix.com\/fr-ca\/wp-json\/wp\/v2\/media\/1210"}],"wp:attachment":[{"href":"https:\/\/www.averyweigh-tronix.com\/fr-ca\/wp-json\/wp\/v2\/media?parent=1999"}],"wp:term":[{"taxonomy":"application","embeddable":true,"href":"https:\/\/www.averyweigh-tronix.com\/fr-ca\/wp-json\/wp\/v2\/application?post=1999"},{"taxonomy":"industry","embeddable":true,"href":"https:\/\/www.averyweigh-tronix.com\/fr-ca\/wp-json\/wp\/v2\/industry?post=1999"},{"taxonomy":"product","embeddable":true,"href":"https:\/\/www.averyweigh-tronix.com\/fr-ca\/wp-json\/wp\/v2\/product?post=1999"}],"curies":[{"name":"wp","href":"https:\/\/api.w.org\/{rel}","templated":true}]}}