{"id":1923,"date":"2024-09-23T12:59:59","date_gmt":"2024-09-23T11:59:59","guid":{"rendered":"https:\/\/www.averyweigh-tronix.com\/fr-ca\/?page_id=1923"},"modified":"2025-05-20T18:27:46","modified_gmt":"2025-05-20T17:27:46","slug":"postal-mail-and-shipping-scales","status":"publish","type":"page","link":"https:\/\/www.averyweigh-tronix.com\/fr-ca\/balances-postales\/","title":{"rendered":"Balances postales, de courrier et d&#8217;exp\u00e9dition"},"content":{"rendered":"","protected":false},"excerpt":{"rendered":"","protected":false},"author":5,"featured_media":0,"parent":2384,"menu_order":0,"comment_status":"closed","ping_status":"closed","template":"","meta":{"_acf_changed":false},"application":[],"industry":[154],"product":[],"class_list":["post-1923","page","type-page","status-publish","hentry","industry-lindustrie-des-postes"],"acf":[],"yoast_head":"<!-- This site is optimized with the Yoast SEO plugin v25.5 - https:\/\/yoast.com\/wordpress\/plugins\/seo\/ -->\n<title>Balances postales, de courrier et d&#039;exp\u00e9dition - Avery Weigh-Tronix - Canada (FR)<\/title>\n<meta name=\"description\" content=\"Notre gamme de balances postales est con\u00e7ue pour allant des comptoirs de vente au d\u00e9tail aux syst\u00e8mes de gestion en arri\u00e8re-boutique.\" \/>\n<meta name=\"robots\" content=\"index, follow, max-snippet:-1, max-image-preview:large, max-video-preview:-1\" \/>\n<link rel=\"canonical\" href=\"https:\/\/www.averyweigh-tronix.com\/fr-ca\/balances-postales\/\" \/>\n<meta property=\"og:locale\" content=\"en_US\" \/>\n<meta property=\"og:type\" content=\"article\" \/>\n<meta property=\"og:title\" content=\"Balances postales, de courrier et d&#039;exp\u00e9dition - Avery Weigh-Tronix - Canada (FR)\" \/>\n<meta property=\"og:description\" content=\"Notre gamme de balances postales est con\u00e7ue pour allant des comptoirs de vente au d\u00e9tail aux syst\u00e8mes de gestion en arri\u00e8re-boutique.\" \/>\n<meta property=\"og:url\" content=\"https:\/\/www.averyweigh-tronix.com\/fr-ca\/balances-postales\/\" \/>\n<meta property=\"og:site_name\" content=\"Avery Weigh-Tronix - Canada (FR)\" \/>\n<meta property=\"article:modified_time\" content=\"2025-05-20T17:27:46+00:00\" \/>\n<meta name=\"twitter:card\" content=\"summary_large_image\" \/>\n<meta name=\"twitter:label1\" content=\"Est. reading time\" \/>\n\t<meta name=\"twitter:data1\" content=\"2 minutes\" \/>\n<script type=\"application\/ld+json\" class=\"yoast-schema-graph\">{\"@context\":\"https:\/\/schema.org\",\"@graph\":[{\"@type\":\"WebPage\",\"@id\":\"https:\/\/www.averyweigh-tronix.com\/fr-ca\/balances-postales\/\",\"url\":\"https:\/\/www.averyweigh-tronix.com\/fr-ca\/balances-postales\/\",\"name\":\"Balances postales, de courrier et d'exp\u00e9dition - Avery Weigh-Tronix - Canada (FR)\",\"isPartOf\":{\"@id\":\"https:\/\/www.averyweigh-tronix.com\/fr-ca\/#website\"},\"datePublished\":\"2024-09-23T11:59:59+00:00\",\"dateModified\":\"2025-05-20T17:27:46+00:00\",\"description\":\"Notre gamme de balances postales est con\u00e7ue pour allant des comptoirs de vente au d\u00e9tail aux syst\u00e8mes de gestion en arri\u00e8re-boutique.\",\"breadcrumb\":{\"@id\":\"https:\/\/www.averyweigh-tronix.com\/fr-ca\/balances-postales\/#breadcrumb\"},\"inLanguage\":\"en-US\",\"potentialAction\":[{\"@type\":\"ReadAction\",\"target\":[\"https:\/\/www.averyweigh-tronix.com\/fr-ca\/balances-postales\/\"]}]},{\"@type\":\"BreadcrumbList\",\"@id\":\"https:\/\/www.averyweigh-tronix.com\/fr-ca\/balances-postales\/#breadcrumb\",\"itemListElement\":[{\"@type\":\"ListItem\",\"position\":1,\"name\":\"Home\",\"item\":\"https:\/\/www.averyweigh-tronix.com\/fr-ca\/\"},{\"@type\":\"ListItem\",\"position\":2,\"name\":\"Produits\",\"item\":\"https:\/\/www.averyweigh-tronix.com\/fr-ca\/products\/\"},{\"@type\":\"ListItem\",\"position\":3,\"name\":\"Balances postales, de courrier et d&#8217;exp\u00e9dition\"}]},{\"@type\":\"WebSite\",\"@id\":\"https:\/\/www.averyweigh-tronix.com\/fr-ca\/#website\",\"url\":\"https:\/\/www.averyweigh-tronix.com\/fr-ca\/\",\"name\":\"Avery Weigh-Tronix - Canada (FR)\",\"description\":\"\",\"potentialAction\":[{\"@type\":\"SearchAction\",\"target\":{\"@type\":\"EntryPoint\",\"urlTemplate\":\"https:\/\/www.averyweigh-tronix.com\/fr-ca\/?s={search_term_string}\"},\"query-input\":{\"@type\":\"PropertyValueSpecification\",\"valueRequired\":true,\"valueName\":\"search_term_string\"}}],\"inLanguage\":\"en-US\"}]}<\/script>\n<!-- \/ Yoast SEO plugin. -->","yoast_head_json":{"title":"Balances postales, de courrier et d'exp\u00e9dition - Avery Weigh-Tronix - Canada (FR)","description":"Notre gamme de balances postales est con\u00e7ue pour allant des comptoirs de vente au d\u00e9tail aux syst\u00e8mes de gestion en arri\u00e8re-boutique.","robots":{"index":"index","follow":"follow","max-snippet":"max-snippet:-1","max-image-preview":"max-image-preview:large","max-video-preview":"max-video-preview:-1"},"canonical":"https:\/\/www.averyweigh-tronix.com\/fr-ca\/balances-postales\/","og_locale":"en_US","og_type":"article","og_title":"Balances postales, de courrier et d'exp\u00e9dition - Avery Weigh-Tronix - Canada (FR)","og_description":"Notre gamme de balances postales est con\u00e7ue pour allant des comptoirs de vente au d\u00e9tail aux syst\u00e8mes de gestion en arri\u00e8re-boutique.","og_url":"https:\/\/www.averyweigh-tronix.com\/fr-ca\/balances-postales\/","og_site_name":"Avery Weigh-Tronix - Canada (FR)","article_modified_time":"2025-05-20T17:27:46+00:00","twitter_card":"summary_large_image","twitter_misc":{"Est. reading time":"2 minutes"},"schema":{"@context":"https:\/\/schema.org","@graph":[{"@type":"WebPage","@id":"https:\/\/www.averyweigh-tronix.com\/fr-ca\/balances-postales\/","url":"https:\/\/www.averyweigh-tronix.com\/fr-ca\/balances-postales\/","name":"Balances postales, de courrier et d'exp\u00e9dition - Avery Weigh-Tronix - Canada (FR)","isPartOf":{"@id":"https:\/\/www.averyweigh-tronix.com\/fr-ca\/#website"},"datePublished":"2024-09-23T11:59:59+00:00","dateModified":"2025-05-20T17:27:46+00:00","description":"Notre gamme de balances postales est con\u00e7ue pour allant des comptoirs de vente au d\u00e9tail aux syst\u00e8mes de gestion en arri\u00e8re-boutique.","breadcrumb":{"@id":"https:\/\/www.averyweigh-tronix.com\/fr-ca\/balances-postales\/#breadcrumb"},"inLanguage":"en-US","potentialAction":[{"@type":"ReadAction","target":["https:\/\/www.averyweigh-tronix.com\/fr-ca\/balances-postales\/"]}]},{"@type":"BreadcrumbList","@id":"https:\/\/www.averyweigh-tronix.com\/fr-ca\/balances-postales\/#breadcrumb","itemListElement":[{"@type":"ListItem","position":1,"name":"Home","item":"https:\/\/www.averyweigh-tronix.com\/fr-ca\/"},{"@type":"ListItem","position":2,"name":"Produits","item":"https:\/\/www.averyweigh-tronix.com\/fr-ca\/products\/"},{"@type":"ListItem","position":3,"name":"Balances postales, de courrier et d&#8217;exp\u00e9dition"}]},{"@type":"WebSite","@id":"https:\/\/www.averyweigh-tronix.com\/fr-ca\/#website","url":"https:\/\/www.averyweigh-tronix.com\/fr-ca\/","name":"Avery Weigh-Tronix - Canada (FR)","description":"","potentialAction":[{"@type":"SearchAction","target":{"@type":"EntryPoint","urlTemplate":"https:\/\/www.averyweigh-tronix.com\/fr-ca\/?s={search_term_string}"},"query-input":{"@type":"PropertyValueSpecification","valueRequired":true,"valueName":"search_term_string"}}],"inLanguage":"en-US"}]}},"_links":{"self":[{"href":"https:\/\/www.averyweigh-tronix.com\/fr-ca\/wp-json\/wp\/v2\/pages\/1923","targetHints":{"allow":["GET"]}}],"collection":[{"href":"https:\/\/www.averyweigh-tronix.com\/fr-ca\/wp-json\/wp\/v2\/pages"}],"about":[{"href":"https:\/\/www.averyweigh-tronix.com\/fr-ca\/wp-json\/wp\/v2\/types\/page"}],"author":[{"embeddable":true,"href":"https:\/\/www.averyweigh-tronix.com\/fr-ca\/wp-json\/wp\/v2\/users\/5"}],"replies":[{"embeddable":true,"href":"https:\/\/www.averyweigh-tronix.com\/fr-ca\/wp-json\/wp\/v2\/comments?post=1923"}],"version-history":[{"count":0,"href":"https:\/\/www.averyweigh-tronix.com\/fr-ca\/wp-json\/wp\/v2\/pages\/1923\/revisions"}],"up":[{"embeddable":true,"href":"https:\/\/www.averyweigh-tronix.com\/fr-ca\/wp-json\/wp\/v2\/pages\/2384"}],"wp:attachment":[{"href":"https:\/\/www.averyweigh-tronix.com\/fr-ca\/wp-json\/wp\/v2\/media?parent=1923"}],"wp:term":[{"taxonomy":"application","embeddable":true,"href":"https:\/\/www.averyweigh-tronix.com\/fr-ca\/wp-json\/wp\/v2\/application?post=1923"},{"taxonomy":"industry","embeddable":true,"href":"https:\/\/www.averyweigh-tronix.com\/fr-ca\/wp-json\/wp\/v2\/industry?post=1923"},{"taxonomy":"product","embeddable":true,"href":"https:\/\/www.averyweigh-tronix.com\/fr-ca\/wp-json\/wp\/v2\/product?post=1923"}],"curies":[{"name":"wp","href":"https:\/\/api.w.org\/{rel}","templated":true}]}}