{"id":1900,"date":"2024-08-07T09:37:03","date_gmt":"2024-08-07T08:37:03","guid":{"rendered":"https:\/\/www.averyweigh-tronix.com\/fr-ca\/rail-scales-2\/"},"modified":"2025-05-20T18:30:06","modified_gmt":"2025-05-20T17:30:06","slug":"rail-scales-2","status":"publish","type":"page","link":"https:\/\/www.averyweigh-tronix.com\/fr-ca\/cellules-de-charge-et-barres-de-pesee\/","title":{"rendered":"Cellules de Charge et Barres de Pes\u00e9e"},"content":{"rendered":"","protected":false},"excerpt":{"rendered":"","protected":false},"author":4,"featured_media":201,"parent":2384,"menu_order":0,"comment_status":"closed","ping_status":"closed","template":"","meta":{"_acf_changed":false},"application":[],"industry":[4,56,135,139,53,153],"product":[],"class_list":["post-1900","page","type-page","status-publish","has-post-thumbnail","hentry","industry-balances-pour-lindustrie-de-la-construction","industry-de-lindustrie-miniere-et-des-agregats","industry-lindustrie-miniere","industry-lindustrie-miniere2","industry-la-production-alimentaire-et-des-boissons","industry-le-fret-maritime"],"acf":[],"yoast_head":"<!-- This site is optimized with the Yoast SEO plugin v25.5 - https:\/\/yoast.com\/wordpress\/plugins\/seo\/ -->\n<title>Cellules de Charge et Barres de Pes\u00e9e - Avery Weigh-Tronix - Canada (FR)<\/title>\n<meta name=\"description\" content=\"Notre large gamme de cellules de charge et de barres de pes\u00e9e, comprenant des options analogiques, num\u00e9riques et \u00e0 poutre vibrante, garantit leur compatibilit\u00e9 avec une grande vari\u00e9t\u00e9 d\u2019\u00e9quipements de pesage\" \/>\n<meta name=\"robots\" content=\"index, follow, max-snippet:-1, max-image-preview:large, max-video-preview:-1\" \/>\n<link rel=\"canonical\" href=\"https:\/\/www.averyweigh-tronix.com\/fr-ca\/cellules-de-charge-et-barres-de-pesee\/\" \/>\n<meta property=\"og:locale\" content=\"en_US\" \/>\n<meta property=\"og:type\" content=\"article\" \/>\n<meta property=\"og:title\" content=\"Cellules de Charge et Barres de Pes\u00e9e - Avery Weigh-Tronix - Canada (FR)\" \/>\n<meta property=\"og:description\" content=\"Notre large gamme de cellules de charge et de barres de pes\u00e9e, comprenant des options analogiques, num\u00e9riques et \u00e0 poutre vibrante, garantit leur compatibilit\u00e9 avec une grande vari\u00e9t\u00e9 d\u2019\u00e9quipements de pesage\" \/>\n<meta property=\"og:url\" content=\"https:\/\/www.averyweigh-tronix.com\/fr-ca\/cellules-de-charge-et-barres-de-pesee\/\" \/>\n<meta property=\"og:site_name\" content=\"Avery Weigh-Tronix - Canada (FR)\" \/>\n<meta property=\"article:modified_time\" content=\"2025-05-20T17:30:06+00:00\" \/>\n<meta property=\"og:image\" content=\"https:\/\/www.averyweigh-tronix.com\/fr-ca\/wp-content\/uploads\/sites\/10\/2024\/07\/weighbridges-hero.jpg\" \/>\n\t<meta property=\"og:image:width\" content=\"1920\" \/>\n\t<meta property=\"og:image:height\" content=\"1105\" \/>\n\t<meta property=\"og:image:type\" content=\"image\/jpeg\" \/>\n<meta name=\"twitter:card\" content=\"summary_large_image\" \/>\n<meta name=\"twitter:label1\" content=\"Est. reading time\" \/>\n\t<meta name=\"twitter:data1\" content=\"2 minutes\" \/>\n<script type=\"application\/ld+json\" class=\"yoast-schema-graph\">{\"@context\":\"https:\/\/schema.org\",\"@graph\":[{\"@type\":\"WebPage\",\"@id\":\"https:\/\/www.averyweigh-tronix.com\/fr-ca\/cellules-de-charge-et-barres-de-pesee\/\",\"url\":\"https:\/\/www.averyweigh-tronix.com\/fr-ca\/cellules-de-charge-et-barres-de-pesee\/\",\"name\":\"Cellules de Charge et Barres de Pes\u00e9e - Avery Weigh-Tronix - Canada (FR)\",\"isPartOf\":{\"@id\":\"https:\/\/www.averyweigh-tronix.com\/fr-ca\/#website\"},\"primaryImageOfPage\":{\"@id\":\"https:\/\/www.averyweigh-tronix.com\/fr-ca\/cellules-de-charge-et-barres-de-pesee\/#primaryimage\"},\"image\":{\"@id\":\"https:\/\/www.averyweigh-tronix.com\/fr-ca\/cellules-de-charge-et-barres-de-pesee\/#primaryimage\"},\"thumbnailUrl\":\"https:\/\/www.averyweigh-tronix.com\/fr-ca\/wp-content\/uploads\/sites\/10\/2024\/07\/weighbridges-hero.jpg\",\"datePublished\":\"2024-08-07T08:37:03+00:00\",\"dateModified\":\"2025-05-20T17:30:06+00:00\",\"description\":\"Notre large gamme de cellules de charge et de barres de pes\u00e9e, comprenant des options analogiques, num\u00e9riques et \u00e0 poutre vibrante, garantit leur compatibilit\u00e9 avec une grande vari\u00e9t\u00e9 d\u2019\u00e9quipements de pesage\",\"breadcrumb\":{\"@id\":\"https:\/\/www.averyweigh-tronix.com\/fr-ca\/cellules-de-charge-et-barres-de-pesee\/#breadcrumb\"},\"inLanguage\":\"en-US\",\"potentialAction\":[{\"@type\":\"ReadAction\",\"target\":[\"https:\/\/www.averyweigh-tronix.com\/fr-ca\/cellules-de-charge-et-barres-de-pesee\/\"]}]},{\"@type\":\"ImageObject\",\"inLanguage\":\"en-US\",\"@id\":\"https:\/\/www.averyweigh-tronix.com\/fr-ca\/cellules-de-charge-et-barres-de-pesee\/#primaryimage\",\"url\":\"https:\/\/www.averyweigh-tronix.com\/fr-ca\/wp-content\/uploads\/sites\/10\/2024\/07\/weighbridges-hero.jpg\",\"contentUrl\":\"https:\/\/www.averyweigh-tronix.com\/fr-ca\/wp-content\/uploads\/sites\/10\/2024\/07\/weighbridges-hero.jpg\",\"width\":1920,\"height\":1105},{\"@type\":\"BreadcrumbList\",\"@id\":\"https:\/\/www.averyweigh-tronix.com\/fr-ca\/cellules-de-charge-et-barres-de-pesee\/#breadcrumb\",\"itemListElement\":[{\"@type\":\"ListItem\",\"position\":1,\"name\":\"Home\",\"item\":\"https:\/\/www.averyweigh-tronix.com\/fr-ca\/\"},{\"@type\":\"ListItem\",\"position\":2,\"name\":\"Produits\",\"item\":\"https:\/\/www.averyweigh-tronix.com\/fr-ca\/products\/\"},{\"@type\":\"ListItem\",\"position\":3,\"name\":\"Cellules de Charge et Barres de Pes\u00e9e\"}]},{\"@type\":\"WebSite\",\"@id\":\"https:\/\/www.averyweigh-tronix.com\/fr-ca\/#website\",\"url\":\"https:\/\/www.averyweigh-tronix.com\/fr-ca\/\",\"name\":\"Avery Weigh-Tronix - Canada (FR)\",\"description\":\"\",\"potentialAction\":[{\"@type\":\"SearchAction\",\"target\":{\"@type\":\"EntryPoint\",\"urlTemplate\":\"https:\/\/www.averyweigh-tronix.com\/fr-ca\/?s={search_term_string}\"},\"query-input\":{\"@type\":\"PropertyValueSpecification\",\"valueRequired\":true,\"valueName\":\"search_term_string\"}}],\"inLanguage\":\"en-US\"}]}<\/script>\n<!-- \/ Yoast SEO plugin. -->","yoast_head_json":{"title":"Cellules de Charge et Barres de Pes\u00e9e - Avery Weigh-Tronix - Canada (FR)","description":"Notre large gamme de cellules de charge et de barres de pes\u00e9e, comprenant des options analogiques, num\u00e9riques et \u00e0 poutre vibrante, garantit leur compatibilit\u00e9 avec une grande vari\u00e9t\u00e9 d\u2019\u00e9quipements de pesage","robots":{"index":"index","follow":"follow","max-snippet":"max-snippet:-1","max-image-preview":"max-image-preview:large","max-video-preview":"max-video-preview:-1"},"canonical":"https:\/\/www.averyweigh-tronix.com\/fr-ca\/cellules-de-charge-et-barres-de-pesee\/","og_locale":"en_US","og_type":"article","og_title":"Cellules de Charge et Barres de Pes\u00e9e - Avery Weigh-Tronix - Canada (FR)","og_description":"Notre large gamme de cellules de charge et de barres de pes\u00e9e, comprenant des options analogiques, num\u00e9riques et \u00e0 poutre vibrante, garantit leur compatibilit\u00e9 avec une grande vari\u00e9t\u00e9 d\u2019\u00e9quipements de pesage","og_url":"https:\/\/www.averyweigh-tronix.com\/fr-ca\/cellules-de-charge-et-barres-de-pesee\/","og_site_name":"Avery Weigh-Tronix - Canada (FR)","article_modified_time":"2025-05-20T17:30:06+00:00","og_image":[{"width":1920,"height":1105,"url":"https:\/\/www.averyweigh-tronix.com\/fr-ca\/wp-content\/uploads\/sites\/10\/2024\/07\/weighbridges-hero.jpg","type":"image\/jpeg"}],"twitter_card":"summary_large_image","twitter_misc":{"Est. reading time":"2 minutes"},"schema":{"@context":"https:\/\/schema.org","@graph":[{"@type":"WebPage","@id":"https:\/\/www.averyweigh-tronix.com\/fr-ca\/cellules-de-charge-et-barres-de-pesee\/","url":"https:\/\/www.averyweigh-tronix.com\/fr-ca\/cellules-de-charge-et-barres-de-pesee\/","name":"Cellules de Charge et Barres de Pes\u00e9e - Avery Weigh-Tronix - Canada (FR)","isPartOf":{"@id":"https:\/\/www.averyweigh-tronix.com\/fr-ca\/#website"},"primaryImageOfPage":{"@id":"https:\/\/www.averyweigh-tronix.com\/fr-ca\/cellules-de-charge-et-barres-de-pesee\/#primaryimage"},"image":{"@id":"https:\/\/www.averyweigh-tronix.com\/fr-ca\/cellules-de-charge-et-barres-de-pesee\/#primaryimage"},"thumbnailUrl":"https:\/\/www.averyweigh-tronix.com\/fr-ca\/wp-content\/uploads\/sites\/10\/2024\/07\/weighbridges-hero.jpg","datePublished":"2024-08-07T08:37:03+00:00","dateModified":"2025-05-20T17:30:06+00:00","description":"Notre large gamme de cellules de charge et de barres de pes\u00e9e, comprenant des options analogiques, num\u00e9riques et \u00e0 poutre vibrante, garantit leur compatibilit\u00e9 avec une grande vari\u00e9t\u00e9 d\u2019\u00e9quipements de pesage","breadcrumb":{"@id":"https:\/\/www.averyweigh-tronix.com\/fr-ca\/cellules-de-charge-et-barres-de-pesee\/#breadcrumb"},"inLanguage":"en-US","potentialAction":[{"@type":"ReadAction","target":["https:\/\/www.averyweigh-tronix.com\/fr-ca\/cellules-de-charge-et-barres-de-pesee\/"]}]},{"@type":"ImageObject","inLanguage":"en-US","@id":"https:\/\/www.averyweigh-tronix.com\/fr-ca\/cellules-de-charge-et-barres-de-pesee\/#primaryimage","url":"https:\/\/www.averyweigh-tronix.com\/fr-ca\/wp-content\/uploads\/sites\/10\/2024\/07\/weighbridges-hero.jpg","contentUrl":"https:\/\/www.averyweigh-tronix.com\/fr-ca\/wp-content\/uploads\/sites\/10\/2024\/07\/weighbridges-hero.jpg","width":1920,"height":1105},{"@type":"BreadcrumbList","@id":"https:\/\/www.averyweigh-tronix.com\/fr-ca\/cellules-de-charge-et-barres-de-pesee\/#breadcrumb","itemListElement":[{"@type":"ListItem","position":1,"name":"Home","item":"https:\/\/www.averyweigh-tronix.com\/fr-ca\/"},{"@type":"ListItem","position":2,"name":"Produits","item":"https:\/\/www.averyweigh-tronix.com\/fr-ca\/products\/"},{"@type":"ListItem","position":3,"name":"Cellules de Charge et Barres de Pes\u00e9e"}]},{"@type":"WebSite","@id":"https:\/\/www.averyweigh-tronix.com\/fr-ca\/#website","url":"https:\/\/www.averyweigh-tronix.com\/fr-ca\/","name":"Avery Weigh-Tronix - Canada (FR)","description":"","potentialAction":[{"@type":"SearchAction","target":{"@type":"EntryPoint","urlTemplate":"https:\/\/www.averyweigh-tronix.com\/fr-ca\/?s={search_term_string}"},"query-input":{"@type":"PropertyValueSpecification","valueRequired":true,"valueName":"search_term_string"}}],"inLanguage":"en-US"}]}},"_links":{"self":[{"href":"https:\/\/www.averyweigh-tronix.com\/fr-ca\/wp-json\/wp\/v2\/pages\/1900","targetHints":{"allow":["GET"]}}],"collection":[{"href":"https:\/\/www.averyweigh-tronix.com\/fr-ca\/wp-json\/wp\/v2\/pages"}],"about":[{"href":"https:\/\/www.averyweigh-tronix.com\/fr-ca\/wp-json\/wp\/v2\/types\/page"}],"author":[{"embeddable":true,"href":"https:\/\/www.averyweigh-tronix.com\/fr-ca\/wp-json\/wp\/v2\/users\/4"}],"replies":[{"embeddable":true,"href":"https:\/\/www.averyweigh-tronix.com\/fr-ca\/wp-json\/wp\/v2\/comments?post=1900"}],"version-history":[{"count":0,"href":"https:\/\/www.averyweigh-tronix.com\/fr-ca\/wp-json\/wp\/v2\/pages\/1900\/revisions"}],"up":[{"embeddable":true,"href":"https:\/\/www.averyweigh-tronix.com\/fr-ca\/wp-json\/wp\/v2\/pages\/2384"}],"wp:featuredmedia":[{"embeddable":true,"href":"https:\/\/www.averyweigh-tronix.com\/fr-ca\/wp-json\/wp\/v2\/media\/201"}],"wp:attachment":[{"href":"https:\/\/www.averyweigh-tronix.com\/fr-ca\/wp-json\/wp\/v2\/media?parent=1900"}],"wp:term":[{"taxonomy":"application","embeddable":true,"href":"https:\/\/www.averyweigh-tronix.com\/fr-ca\/wp-json\/wp\/v2\/application?post=1900"},{"taxonomy":"industry","embeddable":true,"href":"https:\/\/www.averyweigh-tronix.com\/fr-ca\/wp-json\/wp\/v2\/industry?post=1900"},{"taxonomy":"product","embeddable":true,"href":"https:\/\/www.averyweigh-tronix.com\/fr-ca\/wp-json\/wp\/v2\/product?post=1900"}],"curies":[{"name":"wp","href":"https:\/\/api.w.org\/{rel}","templated":true}]}}