{"id":1885,"date":"2024-08-05T17:10:01","date_gmt":"2024-08-05T17:10:01","guid":{"rendered":"https:\/\/www.averyweigh-tronix.com\/fr-ca\/counting-scales\/"},"modified":"2025-05-20T18:26:31","modified_gmt":"2025-05-20T17:26:31","slug":"counting-scales","status":"publish","type":"page","link":"https:\/\/www.averyweigh-tronix.com\/fr-ca\/balances-de-comptage\/","title":{"rendered":"Balances de comptage"},"content":{"rendered":"","protected":false},"excerpt":{"rendered":"","protected":false},"author":4,"featured_media":2451,"parent":2384,"menu_order":0,"comment_status":"closed","ping_status":"closed","template":"","meta":{"_acf_changed":false},"application":[49,47,50,39],"industry":[55],"product":[],"class_list":["post-1885","page","type-page","status-publish","has-post-thumbnail","hentry","application-comptage","application-controle-de-qualite","application-gravimetrie","application-surveillance-des-stocks-et-gestion-des-inventaires","industry-balances-pour-lindustrie-manufacturiere"],"acf":[],"yoast_head":"<!-- This site is optimized with the Yoast SEO plugin v25.5 - https:\/\/yoast.com\/wordpress\/plugins\/seo\/ -->\n<title>Balances de comptage - Avery Weigh-Tronix - Canada (FR)<\/title>\n<meta name=\"description\" content=\"Balances industrielles num\u00e9riques tr\u00e8s pr\u00e9cises, sp\u00e9cialement con\u00e7ues pour un comptage efficace des pi\u00e8ces et un contr\u00f4le m\u00e9ticuleux des inventaires.\" \/>\n<meta name=\"robots\" content=\"index, follow, max-snippet:-1, max-image-preview:large, max-video-preview:-1\" \/>\n<link rel=\"canonical\" href=\"https:\/\/www.averyweigh-tronix.com\/fr-ca\/balances-de-comptage\/\" \/>\n<meta property=\"og:locale\" content=\"en_US\" \/>\n<meta property=\"og:type\" content=\"article\" \/>\n<meta property=\"og:title\" content=\"Balances de comptage - Avery Weigh-Tronix - Canada (FR)\" \/>\n<meta property=\"og:description\" content=\"Balances industrielles num\u00e9riques tr\u00e8s pr\u00e9cises, sp\u00e9cialement con\u00e7ues pour un comptage efficace des pi\u00e8ces et un contr\u00f4le m\u00e9ticuleux des inventaires.\" \/>\n<meta property=\"og:url\" content=\"https:\/\/www.averyweigh-tronix.com\/fr-ca\/balances-de-comptage\/\" \/>\n<meta property=\"og:site_name\" content=\"Avery Weigh-Tronix - Canada (FR)\" \/>\n<meta property=\"article:modified_time\" content=\"2025-05-20T17:26:31+00:00\" \/>\n<meta property=\"og:image\" content=\"https:\/\/www.averyweigh-tronix.com\/fr-ca\/wp-content\/uploads\/sites\/10\/2024\/11\/thumb-counting-scales.jpg\" \/>\n\t<meta property=\"og:image:width\" content=\"687\" \/>\n\t<meta property=\"og:image:height\" content=\"687\" \/>\n\t<meta property=\"og:image:type\" content=\"image\/jpeg\" \/>\n<meta name=\"twitter:card\" content=\"summary_large_image\" \/>\n<meta name=\"twitter:label1\" content=\"Est. reading time\" \/>\n\t<meta name=\"twitter:data1\" content=\"4 minutes\" \/>\n<script type=\"application\/ld+json\" class=\"yoast-schema-graph\">{\"@context\":\"https:\/\/schema.org\",\"@graph\":[{\"@type\":\"WebPage\",\"@id\":\"https:\/\/www.averyweigh-tronix.com\/fr-ca\/balances-de-comptage\/\",\"url\":\"https:\/\/www.averyweigh-tronix.com\/fr-ca\/balances-de-comptage\/\",\"name\":\"Balances de comptage - Avery Weigh-Tronix - Canada (FR)\",\"isPartOf\":{\"@id\":\"https:\/\/www.averyweigh-tronix.com\/fr-ca\/#website\"},\"primaryImageOfPage\":{\"@id\":\"https:\/\/www.averyweigh-tronix.com\/fr-ca\/balances-de-comptage\/#primaryimage\"},\"image\":{\"@id\":\"https:\/\/www.averyweigh-tronix.com\/fr-ca\/balances-de-comptage\/#primaryimage\"},\"thumbnailUrl\":\"https:\/\/www.averyweigh-tronix.com\/fr-ca\/wp-content\/uploads\/sites\/10\/2024\/11\/thumb-counting-scales.jpg\",\"datePublished\":\"2024-08-05T17:10:01+00:00\",\"dateModified\":\"2025-05-20T17:26:31+00:00\",\"description\":\"Balances industrielles num\u00e9riques tr\u00e8s pr\u00e9cises, sp\u00e9cialement con\u00e7ues pour un comptage efficace des pi\u00e8ces et un contr\u00f4le m\u00e9ticuleux des inventaires.\",\"breadcrumb\":{\"@id\":\"https:\/\/www.averyweigh-tronix.com\/fr-ca\/balances-de-comptage\/#breadcrumb\"},\"inLanguage\":\"en-US\",\"potentialAction\":[{\"@type\":\"ReadAction\",\"target\":[\"https:\/\/www.averyweigh-tronix.com\/fr-ca\/balances-de-comptage\/\"]}]},{\"@type\":\"ImageObject\",\"inLanguage\":\"en-US\",\"@id\":\"https:\/\/www.averyweigh-tronix.com\/fr-ca\/balances-de-comptage\/#primaryimage\",\"url\":\"https:\/\/www.averyweigh-tronix.com\/fr-ca\/wp-content\/uploads\/sites\/10\/2024\/11\/thumb-counting-scales.jpg\",\"contentUrl\":\"https:\/\/www.averyweigh-tronix.com\/fr-ca\/wp-content\/uploads\/sites\/10\/2024\/11\/thumb-counting-scales.jpg\",\"width\":687,\"height\":687},{\"@type\":\"BreadcrumbList\",\"@id\":\"https:\/\/www.averyweigh-tronix.com\/fr-ca\/balances-de-comptage\/#breadcrumb\",\"itemListElement\":[{\"@type\":\"ListItem\",\"position\":1,\"name\":\"Home\",\"item\":\"https:\/\/www.averyweigh-tronix.com\/fr-ca\/\"},{\"@type\":\"ListItem\",\"position\":2,\"name\":\"Produits\",\"item\":\"https:\/\/www.averyweigh-tronix.com\/fr-ca\/products\/\"},{\"@type\":\"ListItem\",\"position\":3,\"name\":\"Balances de comptage\"}]},{\"@type\":\"WebSite\",\"@id\":\"https:\/\/www.averyweigh-tronix.com\/fr-ca\/#website\",\"url\":\"https:\/\/www.averyweigh-tronix.com\/fr-ca\/\",\"name\":\"Avery Weigh-Tronix - Canada (FR)\",\"description\":\"\",\"potentialAction\":[{\"@type\":\"SearchAction\",\"target\":{\"@type\":\"EntryPoint\",\"urlTemplate\":\"https:\/\/www.averyweigh-tronix.com\/fr-ca\/?s={search_term_string}\"},\"query-input\":{\"@type\":\"PropertyValueSpecification\",\"valueRequired\":true,\"valueName\":\"search_term_string\"}}],\"inLanguage\":\"en-US\"}]}<\/script>\n<!-- \/ Yoast SEO plugin. -->","yoast_head_json":{"title":"Balances de comptage - Avery Weigh-Tronix - Canada (FR)","description":"Balances industrielles num\u00e9riques tr\u00e8s pr\u00e9cises, sp\u00e9cialement con\u00e7ues pour un comptage efficace des pi\u00e8ces et un contr\u00f4le m\u00e9ticuleux des inventaires.","robots":{"index":"index","follow":"follow","max-snippet":"max-snippet:-1","max-image-preview":"max-image-preview:large","max-video-preview":"max-video-preview:-1"},"canonical":"https:\/\/www.averyweigh-tronix.com\/fr-ca\/balances-de-comptage\/","og_locale":"en_US","og_type":"article","og_title":"Balances de comptage - Avery Weigh-Tronix - Canada (FR)","og_description":"Balances industrielles num\u00e9riques tr\u00e8s pr\u00e9cises, sp\u00e9cialement con\u00e7ues pour un comptage efficace des pi\u00e8ces et un contr\u00f4le m\u00e9ticuleux des inventaires.","og_url":"https:\/\/www.averyweigh-tronix.com\/fr-ca\/balances-de-comptage\/","og_site_name":"Avery Weigh-Tronix - Canada (FR)","article_modified_time":"2025-05-20T17:26:31+00:00","og_image":[{"width":687,"height":687,"url":"https:\/\/www.averyweigh-tronix.com\/fr-ca\/wp-content\/uploads\/sites\/10\/2024\/11\/thumb-counting-scales.jpg","type":"image\/jpeg"}],"twitter_card":"summary_large_image","twitter_misc":{"Est. reading time":"4 minutes"},"schema":{"@context":"https:\/\/schema.org","@graph":[{"@type":"WebPage","@id":"https:\/\/www.averyweigh-tronix.com\/fr-ca\/balances-de-comptage\/","url":"https:\/\/www.averyweigh-tronix.com\/fr-ca\/balances-de-comptage\/","name":"Balances de comptage - Avery Weigh-Tronix - Canada (FR)","isPartOf":{"@id":"https:\/\/www.averyweigh-tronix.com\/fr-ca\/#website"},"primaryImageOfPage":{"@id":"https:\/\/www.averyweigh-tronix.com\/fr-ca\/balances-de-comptage\/#primaryimage"},"image":{"@id":"https:\/\/www.averyweigh-tronix.com\/fr-ca\/balances-de-comptage\/#primaryimage"},"thumbnailUrl":"https:\/\/www.averyweigh-tronix.com\/fr-ca\/wp-content\/uploads\/sites\/10\/2024\/11\/thumb-counting-scales.jpg","datePublished":"2024-08-05T17:10:01+00:00","dateModified":"2025-05-20T17:26:31+00:00","description":"Balances industrielles num\u00e9riques tr\u00e8s pr\u00e9cises, sp\u00e9cialement con\u00e7ues pour un comptage efficace des pi\u00e8ces et un contr\u00f4le m\u00e9ticuleux des inventaires.","breadcrumb":{"@id":"https:\/\/www.averyweigh-tronix.com\/fr-ca\/balances-de-comptage\/#breadcrumb"},"inLanguage":"en-US","potentialAction":[{"@type":"ReadAction","target":["https:\/\/www.averyweigh-tronix.com\/fr-ca\/balances-de-comptage\/"]}]},{"@type":"ImageObject","inLanguage":"en-US","@id":"https:\/\/www.averyweigh-tronix.com\/fr-ca\/balances-de-comptage\/#primaryimage","url":"https:\/\/www.averyweigh-tronix.com\/fr-ca\/wp-content\/uploads\/sites\/10\/2024\/11\/thumb-counting-scales.jpg","contentUrl":"https:\/\/www.averyweigh-tronix.com\/fr-ca\/wp-content\/uploads\/sites\/10\/2024\/11\/thumb-counting-scales.jpg","width":687,"height":687},{"@type":"BreadcrumbList","@id":"https:\/\/www.averyweigh-tronix.com\/fr-ca\/balances-de-comptage\/#breadcrumb","itemListElement":[{"@type":"ListItem","position":1,"name":"Home","item":"https:\/\/www.averyweigh-tronix.com\/fr-ca\/"},{"@type":"ListItem","position":2,"name":"Produits","item":"https:\/\/www.averyweigh-tronix.com\/fr-ca\/products\/"},{"@type":"ListItem","position":3,"name":"Balances de comptage"}]},{"@type":"WebSite","@id":"https:\/\/www.averyweigh-tronix.com\/fr-ca\/#website","url":"https:\/\/www.averyweigh-tronix.com\/fr-ca\/","name":"Avery Weigh-Tronix - Canada (FR)","description":"","potentialAction":[{"@type":"SearchAction","target":{"@type":"EntryPoint","urlTemplate":"https:\/\/www.averyweigh-tronix.com\/fr-ca\/?s={search_term_string}"},"query-input":{"@type":"PropertyValueSpecification","valueRequired":true,"valueName":"search_term_string"}}],"inLanguage":"en-US"}]}},"_links":{"self":[{"href":"https:\/\/www.averyweigh-tronix.com\/fr-ca\/wp-json\/wp\/v2\/pages\/1885","targetHints":{"allow":["GET"]}}],"collection":[{"href":"https:\/\/www.averyweigh-tronix.com\/fr-ca\/wp-json\/wp\/v2\/pages"}],"about":[{"href":"https:\/\/www.averyweigh-tronix.com\/fr-ca\/wp-json\/wp\/v2\/types\/page"}],"author":[{"embeddable":true,"href":"https:\/\/www.averyweigh-tronix.com\/fr-ca\/wp-json\/wp\/v2\/users\/4"}],"replies":[{"embeddable":true,"href":"https:\/\/www.averyweigh-tronix.com\/fr-ca\/wp-json\/wp\/v2\/comments?post=1885"}],"version-history":[{"count":0,"href":"https:\/\/www.averyweigh-tronix.com\/fr-ca\/wp-json\/wp\/v2\/pages\/1885\/revisions"}],"up":[{"embeddable":true,"href":"https:\/\/www.averyweigh-tronix.com\/fr-ca\/wp-json\/wp\/v2\/pages\/2384"}],"wp:featuredmedia":[{"embeddable":true,"href":"https:\/\/www.averyweigh-tronix.com\/fr-ca\/wp-json\/wp\/v2\/media\/2451"}],"wp:attachment":[{"href":"https:\/\/www.averyweigh-tronix.com\/fr-ca\/wp-json\/wp\/v2\/media?parent=1885"}],"wp:term":[{"taxonomy":"application","embeddable":true,"href":"https:\/\/www.averyweigh-tronix.com\/fr-ca\/wp-json\/wp\/v2\/application?post=1885"},{"taxonomy":"industry","embeddable":true,"href":"https:\/\/www.averyweigh-tronix.com\/fr-ca\/wp-json\/wp\/v2\/industry?post=1885"},{"taxonomy":"product","embeddable":true,"href":"https:\/\/www.averyweigh-tronix.com\/fr-ca\/wp-json\/wp\/v2\/product?post=1885"}],"curies":[{"name":"wp","href":"https:\/\/api.w.org\/{rel}","templated":true}]}}