{"id":1878,"date":"2024-08-05T16:54:36","date_gmt":"2024-08-05T16:54:36","guid":{"rendered":"https:\/\/www.averyweigh-tronix.com\/fr-ca\/checkweighers\/"},"modified":"2025-05-20T18:26:56","modified_gmt":"2025-05-20T17:26:56","slug":"checkweighers","status":"publish","type":"page","link":"https:\/\/www.averyweigh-tronix.com\/fr-ca\/balances-de-controle\/","title":{"rendered":"Balances de contr\u00f4le"},"content":{"rendered":"","protected":false},"excerpt":{"rendered":"","protected":false},"author":4,"featured_media":201,"parent":2384,"menu_order":0,"comment_status":"closed","ping_status":"closed","template":"","meta":{"_acf_changed":false},"application":[47,38,39,48],"industry":[55,53],"product":[],"class_list":["post-1878","page","type-page","status-publish","has-post-thumbnail","hentry","application-controle-de-qualite","application-remplissage-par-lots-et-controle-des-recettes","application-surveillance-des-stocks-et-gestion-des-inventaires","application-verification-du-poids","industry-balances-pour-lindustrie-manufacturiere","industry-la-production-alimentaire-et-des-boissons"],"acf":[],"yoast_head":"<!-- This site is optimized with the Yoast SEO plugin v25.5 - https:\/\/yoast.com\/wordpress\/plugins\/seo\/ -->\n<title>Balances de contr\u00f4le - Avery Weigh-Tronix - Canada (FR)<\/title>\n<meta name=\"description\" content=\"Les balances de contr\u00f4le Avery Weigh-Tronix sont \u00e9quip\u00e9es de bo\u00eetiers en acier inoxydable et sont scell\u00e9es pour les situations de lavage.\" \/>\n<meta name=\"robots\" content=\"index, follow, max-snippet:-1, max-image-preview:large, max-video-preview:-1\" \/>\n<link rel=\"canonical\" href=\"https:\/\/www.averyweigh-tronix.com\/fr-ca\/balances-de-controle\/\" \/>\n<meta property=\"og:locale\" content=\"en_US\" \/>\n<meta property=\"og:type\" content=\"article\" \/>\n<meta property=\"og:title\" content=\"Balances de contr\u00f4le - Avery Weigh-Tronix - Canada (FR)\" \/>\n<meta property=\"og:description\" content=\"Les balances de contr\u00f4le Avery Weigh-Tronix sont \u00e9quip\u00e9es de bo\u00eetiers en acier inoxydable et sont scell\u00e9es pour les situations de lavage.\" \/>\n<meta property=\"og:url\" content=\"https:\/\/www.averyweigh-tronix.com\/fr-ca\/balances-de-controle\/\" \/>\n<meta property=\"og:site_name\" content=\"Avery Weigh-Tronix - Canada (FR)\" \/>\n<meta property=\"article:modified_time\" content=\"2025-05-20T17:26:56+00:00\" \/>\n<meta property=\"og:image\" content=\"https:\/\/www.averyweigh-tronix.com\/fr-ca\/wp-content\/uploads\/sites\/10\/2024\/07\/weighbridges-hero.jpg\" \/>\n\t<meta property=\"og:image:width\" content=\"1920\" \/>\n\t<meta property=\"og:image:height\" content=\"1105\" \/>\n\t<meta property=\"og:image:type\" content=\"image\/jpeg\" \/>\n<meta name=\"twitter:card\" content=\"summary_large_image\" \/>\n<meta name=\"twitter:label1\" content=\"Est. reading time\" \/>\n\t<meta name=\"twitter:data1\" content=\"5 minutes\" \/>\n<script type=\"application\/ld+json\" class=\"yoast-schema-graph\">{\"@context\":\"https:\/\/schema.org\",\"@graph\":[{\"@type\":\"WebPage\",\"@id\":\"https:\/\/www.averyweigh-tronix.com\/fr-ca\/balances-de-controle\/\",\"url\":\"https:\/\/www.averyweigh-tronix.com\/fr-ca\/balances-de-controle\/\",\"name\":\"Balances de contr\u00f4le - Avery Weigh-Tronix - Canada (FR)\",\"isPartOf\":{\"@id\":\"https:\/\/www.averyweigh-tronix.com\/fr-ca\/#website\"},\"primaryImageOfPage\":{\"@id\":\"https:\/\/www.averyweigh-tronix.com\/fr-ca\/balances-de-controle\/#primaryimage\"},\"image\":{\"@id\":\"https:\/\/www.averyweigh-tronix.com\/fr-ca\/balances-de-controle\/#primaryimage\"},\"thumbnailUrl\":\"https:\/\/www.averyweigh-tronix.com\/fr-ca\/wp-content\/uploads\/sites\/10\/2024\/07\/weighbridges-hero.jpg\",\"datePublished\":\"2024-08-05T16:54:36+00:00\",\"dateModified\":\"2025-05-20T17:26:56+00:00\",\"description\":\"Les balances de contr\u00f4le Avery Weigh-Tronix sont \u00e9quip\u00e9es de bo\u00eetiers en acier inoxydable et sont scell\u00e9es pour les situations de lavage.\",\"breadcrumb\":{\"@id\":\"https:\/\/www.averyweigh-tronix.com\/fr-ca\/balances-de-controle\/#breadcrumb\"},\"inLanguage\":\"en-US\",\"potentialAction\":[{\"@type\":\"ReadAction\",\"target\":[\"https:\/\/www.averyweigh-tronix.com\/fr-ca\/balances-de-controle\/\"]}]},{\"@type\":\"ImageObject\",\"inLanguage\":\"en-US\",\"@id\":\"https:\/\/www.averyweigh-tronix.com\/fr-ca\/balances-de-controle\/#primaryimage\",\"url\":\"https:\/\/www.averyweigh-tronix.com\/fr-ca\/wp-content\/uploads\/sites\/10\/2024\/07\/weighbridges-hero.jpg\",\"contentUrl\":\"https:\/\/www.averyweigh-tronix.com\/fr-ca\/wp-content\/uploads\/sites\/10\/2024\/07\/weighbridges-hero.jpg\",\"width\":1920,\"height\":1105},{\"@type\":\"BreadcrumbList\",\"@id\":\"https:\/\/www.averyweigh-tronix.com\/fr-ca\/balances-de-controle\/#breadcrumb\",\"itemListElement\":[{\"@type\":\"ListItem\",\"position\":1,\"name\":\"Home\",\"item\":\"https:\/\/www.averyweigh-tronix.com\/fr-ca\/\"},{\"@type\":\"ListItem\",\"position\":2,\"name\":\"Produits\",\"item\":\"https:\/\/www.averyweigh-tronix.com\/fr-ca\/products\/\"},{\"@type\":\"ListItem\",\"position\":3,\"name\":\"Balances de contr\u00f4le\"}]},{\"@type\":\"WebSite\",\"@id\":\"https:\/\/www.averyweigh-tronix.com\/fr-ca\/#website\",\"url\":\"https:\/\/www.averyweigh-tronix.com\/fr-ca\/\",\"name\":\"Avery Weigh-Tronix - Canada (FR)\",\"description\":\"\",\"potentialAction\":[{\"@type\":\"SearchAction\",\"target\":{\"@type\":\"EntryPoint\",\"urlTemplate\":\"https:\/\/www.averyweigh-tronix.com\/fr-ca\/?s={search_term_string}\"},\"query-input\":{\"@type\":\"PropertyValueSpecification\",\"valueRequired\":true,\"valueName\":\"search_term_string\"}}],\"inLanguage\":\"en-US\"}]}<\/script>\n<!-- \/ Yoast SEO plugin. -->","yoast_head_json":{"title":"Balances de contr\u00f4le - Avery Weigh-Tronix - Canada (FR)","description":"Les balances de contr\u00f4le Avery Weigh-Tronix sont \u00e9quip\u00e9es de bo\u00eetiers en acier inoxydable et sont scell\u00e9es pour les situations de lavage.","robots":{"index":"index","follow":"follow","max-snippet":"max-snippet:-1","max-image-preview":"max-image-preview:large","max-video-preview":"max-video-preview:-1"},"canonical":"https:\/\/www.averyweigh-tronix.com\/fr-ca\/balances-de-controle\/","og_locale":"en_US","og_type":"article","og_title":"Balances de contr\u00f4le - Avery Weigh-Tronix - Canada (FR)","og_description":"Les balances de contr\u00f4le Avery Weigh-Tronix sont \u00e9quip\u00e9es de bo\u00eetiers en acier inoxydable et sont scell\u00e9es pour les situations de lavage.","og_url":"https:\/\/www.averyweigh-tronix.com\/fr-ca\/balances-de-controle\/","og_site_name":"Avery Weigh-Tronix - Canada (FR)","article_modified_time":"2025-05-20T17:26:56+00:00","og_image":[{"width":1920,"height":1105,"url":"https:\/\/www.averyweigh-tronix.com\/fr-ca\/wp-content\/uploads\/sites\/10\/2024\/07\/weighbridges-hero.jpg","type":"image\/jpeg"}],"twitter_card":"summary_large_image","twitter_misc":{"Est. reading time":"5 minutes"},"schema":{"@context":"https:\/\/schema.org","@graph":[{"@type":"WebPage","@id":"https:\/\/www.averyweigh-tronix.com\/fr-ca\/balances-de-controle\/","url":"https:\/\/www.averyweigh-tronix.com\/fr-ca\/balances-de-controle\/","name":"Balances de contr\u00f4le - Avery Weigh-Tronix - Canada (FR)","isPartOf":{"@id":"https:\/\/www.averyweigh-tronix.com\/fr-ca\/#website"},"primaryImageOfPage":{"@id":"https:\/\/www.averyweigh-tronix.com\/fr-ca\/balances-de-controle\/#primaryimage"},"image":{"@id":"https:\/\/www.averyweigh-tronix.com\/fr-ca\/balances-de-controle\/#primaryimage"},"thumbnailUrl":"https:\/\/www.averyweigh-tronix.com\/fr-ca\/wp-content\/uploads\/sites\/10\/2024\/07\/weighbridges-hero.jpg","datePublished":"2024-08-05T16:54:36+00:00","dateModified":"2025-05-20T17:26:56+00:00","description":"Les balances de contr\u00f4le Avery Weigh-Tronix sont \u00e9quip\u00e9es de bo\u00eetiers en acier inoxydable et sont scell\u00e9es pour les situations de lavage.","breadcrumb":{"@id":"https:\/\/www.averyweigh-tronix.com\/fr-ca\/balances-de-controle\/#breadcrumb"},"inLanguage":"en-US","potentialAction":[{"@type":"ReadAction","target":["https:\/\/www.averyweigh-tronix.com\/fr-ca\/balances-de-controle\/"]}]},{"@type":"ImageObject","inLanguage":"en-US","@id":"https:\/\/www.averyweigh-tronix.com\/fr-ca\/balances-de-controle\/#primaryimage","url":"https:\/\/www.averyweigh-tronix.com\/fr-ca\/wp-content\/uploads\/sites\/10\/2024\/07\/weighbridges-hero.jpg","contentUrl":"https:\/\/www.averyweigh-tronix.com\/fr-ca\/wp-content\/uploads\/sites\/10\/2024\/07\/weighbridges-hero.jpg","width":1920,"height":1105},{"@type":"BreadcrumbList","@id":"https:\/\/www.averyweigh-tronix.com\/fr-ca\/balances-de-controle\/#breadcrumb","itemListElement":[{"@type":"ListItem","position":1,"name":"Home","item":"https:\/\/www.averyweigh-tronix.com\/fr-ca\/"},{"@type":"ListItem","position":2,"name":"Produits","item":"https:\/\/www.averyweigh-tronix.com\/fr-ca\/products\/"},{"@type":"ListItem","position":3,"name":"Balances de contr\u00f4le"}]},{"@type":"WebSite","@id":"https:\/\/www.averyweigh-tronix.com\/fr-ca\/#website","url":"https:\/\/www.averyweigh-tronix.com\/fr-ca\/","name":"Avery Weigh-Tronix - Canada (FR)","description":"","potentialAction":[{"@type":"SearchAction","target":{"@type":"EntryPoint","urlTemplate":"https:\/\/www.averyweigh-tronix.com\/fr-ca\/?s={search_term_string}"},"query-input":{"@type":"PropertyValueSpecification","valueRequired":true,"valueName":"search_term_string"}}],"inLanguage":"en-US"}]}},"_links":{"self":[{"href":"https:\/\/www.averyweigh-tronix.com\/fr-ca\/wp-json\/wp\/v2\/pages\/1878","targetHints":{"allow":["GET"]}}],"collection":[{"href":"https:\/\/www.averyweigh-tronix.com\/fr-ca\/wp-json\/wp\/v2\/pages"}],"about":[{"href":"https:\/\/www.averyweigh-tronix.com\/fr-ca\/wp-json\/wp\/v2\/types\/page"}],"author":[{"embeddable":true,"href":"https:\/\/www.averyweigh-tronix.com\/fr-ca\/wp-json\/wp\/v2\/users\/4"}],"replies":[{"embeddable":true,"href":"https:\/\/www.averyweigh-tronix.com\/fr-ca\/wp-json\/wp\/v2\/comments?post=1878"}],"version-history":[{"count":0,"href":"https:\/\/www.averyweigh-tronix.com\/fr-ca\/wp-json\/wp\/v2\/pages\/1878\/revisions"}],"up":[{"embeddable":true,"href":"https:\/\/www.averyweigh-tronix.com\/fr-ca\/wp-json\/wp\/v2\/pages\/2384"}],"wp:featuredmedia":[{"embeddable":true,"href":"https:\/\/www.averyweigh-tronix.com\/fr-ca\/wp-json\/wp\/v2\/media\/201"}],"wp:attachment":[{"href":"https:\/\/www.averyweigh-tronix.com\/fr-ca\/wp-json\/wp\/v2\/media?parent=1878"}],"wp:term":[{"taxonomy":"application","embeddable":true,"href":"https:\/\/www.averyweigh-tronix.com\/fr-ca\/wp-json\/wp\/v2\/application?post=1878"},{"taxonomy":"industry","embeddable":true,"href":"https:\/\/www.averyweigh-tronix.com\/fr-ca\/wp-json\/wp\/v2\/industry?post=1878"},{"taxonomy":"product","embeddable":true,"href":"https:\/\/www.averyweigh-tronix.com\/fr-ca\/wp-json\/wp\/v2\/product?post=1878"}],"curies":[{"name":"wp","href":"https:\/\/api.w.org\/{rel}","templated":true}]}}